{"id":792,"date":"2021-01-25T12:32:49","date_gmt":"2021-01-25T12:32:49","guid":{"rendered":"https:\/\/roots.graciasseo.com\/producto\/import-placeholder-for-383\/"},"modified":"2025-07-06T01:20:30","modified_gmt":"2025-07-06T01:20:30","slug":"crema-solar-75ml","status":"publish","type":"product","link":"https:\/\/organicroots.es\/ca\/producte\/crema-solar-75ml\/","title":{"rendered":"<p>Crema solar 75ml<\/p>"},"content":{"rendered":"","protected":false},"excerpt":{"rendered":"<p style=\"text-align: center;\"><span style=\"color: #000000;\">ARTICLES PER A LA SALUT, CURA I BELLESA PERSONAL.<\/span><p style=\"text-align: center;\"><span style=\"color: #000000;\">PRODUCTES ECOL\u00d2GICS, ELABORACI\u00d3 ARTESANAL I CONSCIENT<\/span><\/p><hr class=\"separaproducto\"><p style=\"text-align: justify;\"><span style=\"color: #000000;\"><em><strong>ingredients:<\/strong> Aqua, Sesamum Indicum Seed Oil *, alcohol, Persea gratissima Oil *, Zinc Oxide, Cetearyl alcohol, Sodium cetearyl sulfate, Simmondsia Sinensis Seed Oil *, Sodium Benzote, Potassium Sorbate, Mentha Piperita Oil *.<\/em><\/span><\/p><p style=\"text-align: center;\"><span style=\"color: #000000;\"><em><strong>* PROCEDENTS DE L&#039;AGRICULTURA ECOL\u00d2GICA<\/strong><\/em><\/span><\/p><h3 style=\"text-align: center;\">PROTECCI\u00d3 SOLAR <strong>NATURAL<\/strong> <strong>PER TOT TIPUS DE PELLS.<\/strong> SENSE SUBST\u00c0NCIES T\u00d2XIQUES<\/h3><ul>\n<li><strong>\u00d2xid de zinc<\/strong>: Propietats antis\u00e8ptiques, astringents, desc: xlorantes, protectores, antiinflamat\u00f2ries i reguladores de l&#039;s\u00e8u. Protegeix la dermis dels efectes negatius dels UV o raigs ultraviolats. Aix\u00ed prevenim l&#039;envelliment prematur de la pell i danys en el teixit que comporten riscos de c\u00e0ncer de pell.<br>\nJojoba: estudis metges li confereixen una gran quantitat de vitamina E, qualitats antif\u00fangiques i antibacterianes. Important hidratant corporal, molt utilitzada per tractar arrugues i l\u00ednies d&#039;expressi\u00f3.<\/li>\n<li><strong>jojoba<\/strong>: Estudis metges li confereixen una gran quantitat de vitamina E, qualitats antif\u00fangiques i antibacterianes. Important hidratant corporal, molt utilitzada per tractar arrugues i l\u00ednies d&#039;expressi\u00f3.<\/li>\n<\/ul><p><img loading=\"lazy\" decoding=\"async\" class=\"aligncenter wp-image-148 size-full\" src=\"https:\/\/organicroots.es\/wp-content\/uploads\/2021\/01\/jojoba-oxido1.png\" alt=\"\" width=\"667\" height=\"127\" srcset=\"https:\/\/organicroots.es\/wp-content\/uploads\/2021\/01\/jojoba-oxido1.png 667w, https:\/\/organicroots.es\/wp-content\/uploads\/2021\/01\/jojoba-oxido1-300x57.png 300w, https:\/\/organicroots.es\/wp-content\/uploads\/2021\/01\/jojoba-oxido1-600x114.png 600w\" sizes=\"auto, (max-width: 667px) 100vw, 667px\"><\/p><p style=\"text-align: center;\"><img loading=\"lazy\" decoding=\"async\" class=\"alignnone size-full wp-image-167\" src=\"https:\/\/organicroots.es\/wp-content\/uploads\/2021\/01\/logos-ficha0.png\" alt=\"\" width=\"226\" height=\"50\"><\/p><\/p>","protected":false},"featured_media":4559,"comment_status":"open","ping_status":"closed","template":"","meta":{"_genesis_hide_title":false,"_genesis_hide_breadcrumbs":false,"_genesis_hide_singular_image":false,"_genesis_hide_footer_widgets":false,"_genesis_custom_body_class":"","_genesis_custom_post_class":"","_genesis_layout":"","_joinchat":[]},"product_cat":[23,321],"product_tag":[],"class_list":{"0":"post-792","1":"product","2":"type-product","3":"status-publish","4":"has-post-thumbnail","6":"product_cat-cremas-ecologicas","7":"product_cat-fucsia","8":"entry","10":"first","11":"instock","12":"taxable","13":"shipping-taxable","14":"purchasable","15":"product-type-simple"},"_links":{"self":[{"href":"https:\/\/organicroots.es\/ca\/wp-json\/wp\/v2\/product\/792","targetHints":{"allow":["GET"]}}],"collection":[{"href":"https:\/\/organicroots.es\/ca\/wp-json\/wp\/v2\/product"}],"about":[{"href":"https:\/\/organicroots.es\/ca\/wp-json\/wp\/v2\/types\/product"}],"replies":[{"embeddable":true,"href":"https:\/\/organicroots.es\/ca\/wp-json\/wp\/v2\/comments?post=792"}],"wp:featuredmedia":[{"embeddable":true,"href":"https:\/\/organicroots.es\/ca\/wp-json\/wp\/v2\/media\/4559"}],"wp:attachment":[{"href":"https:\/\/organicroots.es\/ca\/wp-json\/wp\/v2\/media?parent=792"}],"wp:term":[{"taxonomy":"product_cat","embeddable":true,"href":"https:\/\/organicroots.es\/ca\/wp-json\/wp\/v2\/product_cat?post=792"},{"taxonomy":"product_tag","embeddable":true,"href":"https:\/\/organicroots.es\/ca\/wp-json\/wp\/v2\/product_tag?post=792"}],"curies":[{"name":"wp","href":"https:\/\/api.w.org\/{rel}","templated":true}]}}