{"id":791,"date":"2021-01-25T12:32:48","date_gmt":"2021-01-25T12:32:48","guid":{"rendered":"https:\/\/roots.graciasseo.com\/producto\/import-placeholder-for-381\/"},"modified":"2022-01-28T20:35:18","modified_gmt":"2022-01-28T20:35:18","slug":"serum-de-cabello-100ml","status":"publish","type":"product","link":"https:\/\/organicroots.es\/ca\/producte\/serum-de-cabell-100ml\/","title":{"rendered":"<p>S\u00e8rum de cabell 100ml<\/p>"},"content":{"rendered":"","protected":false},"excerpt":{"rendered":"<p style=\"text-align: center;\"><span style=\"color: #000000;\">ARTICLES PER A LA SALUT, CURA I BELLESA PERSONAL.<\/span><p style=\"text-align: center;\"><span style=\"color: #000000;\">PRODUCTES ECOL\u00d2GICS, ELABORACI\u00d3 ARTESANAL I CONSCIENT<\/span><\/p><hr class=\"separaproducto\"><p style=\"text-align: center;\"><span style=\"color: #000000;\"><em><strong>ingredients:<\/strong> Prunus Amygdalus Dulcis Oil *, Rosmarinus 0fficinalis * <\/em><\/span><\/p><p style=\"text-align: center;\"><span style=\"color: #000000;\"><em><strong>* PROCEDENTS DE L&#039;AGRICULTURA ECOL\u00d2GICA<\/strong><\/em><\/span><\/p><h3 style=\"text-align: center;\">NODREIX I ENFORTEIX EL CABELL DE FORMA NATURAL<\/h3><ul>\n<li><span style=\"color: #000000;\"><strong>ametlla<\/strong>: Se li atribueixen propietats suavitzants, nutritives i calmants. Bona penetraci\u00f3 cut\u00e0nia. Ideal per a tot tipus de pells i cabells.<\/span><\/li>\n<li><strong style=\"color: #000000; font-size: 15px;\">Romero<\/strong><span style=\"color: #000000; font-size: 15px;\">: Conegut per la seva acci\u00f3 tonificadora de el sistema nervi\u00f3s central, millora la respiraci\u00f3, refor\u00e7a el fol\u00b7licle pil\u00f3s i la circulaci\u00f3 capil\u00b7lar. Regula la secreci\u00f3 seb\u00e0cia donant brillantor, fortalesa i suavitat a el cabell.<\/span><\/li>\n<\/ul><p>&nbsp;<\/p><p><img loading=\"lazy\" decoding=\"async\" class=\"aligncenter wp-image-57 size-full\" src=\"https:\/\/organicroots.es\/wp-content\/uploads\/2021\/01\/Almendra-romero1.png\" alt=\"\" width=\"667\" height=\"127\" srcset=\"https:\/\/organicroots.es\/wp-content\/uploads\/2021\/01\/Almendra-romero1.png 667w, https:\/\/organicroots.es\/wp-content\/uploads\/2021\/01\/Almendra-romero1-300x57.png 300w, https:\/\/organicroots.es\/wp-content\/uploads\/2021\/01\/Almendra-romero1-600x114.png 600w\" sizes=\"auto, (max-width: 667px) 100vw, 667px\"><\/p><p><img loading=\"lazy\" decoding=\"async\" class=\"size-full wp-image-167 aligncenter\" src=\"https:\/\/organicroots.es\/wp-content\/uploads\/2021\/01\/logos-ficha0.png\" alt=\"\" width=\"226\" height=\"50\"><\/p><\/p>","protected":false},"featured_media":497,"comment_status":"open","ping_status":"closed","template":"","meta":{"_genesis_hide_title":false,"_genesis_hide_breadcrumbs":false,"_genesis_hide_singular_image":false,"_genesis_hide_footer_widgets":false,"_genesis_custom_body_class":"","_genesis_custom_post_class":"","_genesis_layout":"","_joinchat":[]},"product_cat":[71,323],"product_tag":[],"class_list":{"0":"post-791","1":"product","2":"type-product","3":"status-publish","4":"has-post-thumbnail","6":"product_cat-higiene-personal","7":"product_cat-verde-fuerte","8":"entry","10":"first","11":"instock","12":"taxable","13":"shipping-taxable","14":"purchasable","15":"product-type-simple"},"_links":{"self":[{"href":"https:\/\/organicroots.es\/ca\/wp-json\/wp\/v2\/product\/791","targetHints":{"allow":["GET"]}}],"collection":[{"href":"https:\/\/organicroots.es\/ca\/wp-json\/wp\/v2\/product"}],"about":[{"href":"https:\/\/organicroots.es\/ca\/wp-json\/wp\/v2\/types\/product"}],"replies":[{"embeddable":true,"href":"https:\/\/organicroots.es\/ca\/wp-json\/wp\/v2\/comments?post=791"}],"wp:featuredmedia":[{"embeddable":true,"href":"https:\/\/organicroots.es\/ca\/wp-json\/wp\/v2\/media\/497"}],"wp:attachment":[{"href":"https:\/\/organicroots.es\/ca\/wp-json\/wp\/v2\/media?parent=791"}],"wp:term":[{"taxonomy":"product_cat","embeddable":true,"href":"https:\/\/organicroots.es\/ca\/wp-json\/wp\/v2\/product_cat?post=791"},{"taxonomy":"product_tag","embeddable":true,"href":"https:\/\/organicroots.es\/ca\/wp-json\/wp\/v2\/product_tag?post=791"}],"curies":[{"name":"wp","href":"https:\/\/api.w.org\/{rel}","templated":true}]}}