{"id":790,"date":"2021-01-25T12:32:48","date_gmt":"2021-01-25T12:32:48","guid":{"rendered":"https:\/\/roots.graciasseo.com\/producto\/import-placeholder-for-378\/"},"modified":"2024-12-03T18:52:09","modified_gmt":"2024-12-03T18:52:09","slug":"crema-regeneradora-50ml","status":"publish","type":"product","link":"https:\/\/organicroots.es\/ca\/producte\/crema-regeneradora-50ml\/","title":{"rendered":"<p>Crema regeneradora 50ml<\/p>"},"content":{"rendered":"<p>Aquest producte est\u00e0 especialment elaborat per estimular la creaci\u00f3 d&#039;l&#039;\u00e0cid hialur\u00f2nic propi que el nostre organisme fabrica cada vegada menys amb el pas dels anys.<p>Els olis de Cua de Cavall i Centella Asi\u00e0tica d&#039;aquesta crema estimulen la creaci\u00f3 d&#039;\u00e0cid hialur\u00f2nic, que treballa per regenerar i donar elasticitat a la pell.<\/p><p>Per a aquesta composici\u00f3, fem servir Olis Vegetals de Cua de Cavall i Centella Asi\u00e0tica macerats en 8 c\u00e0rregues. (Macerar en c\u00e0rregues \u00e9s multiplicar el principi actiu de l&#039;oli pel nombre de vegades que ho carreguem)<br>\nUn macerat est\u00e0ndard sol fer-se de 40 dies. En aquest cas, un cop colat, torna a introduir-nova planta en el mateix oli ja carregat. Aix\u00ed que la segona c\u00e0rrega necessita m\u00e9s temps d&#039;absorci\u00f3. Per tant, es deixa 60 dies. I aix\u00ed successivament fins que s&#039;obt\u00e9 un oli amb molt m\u00e9s principi actiu del com\u00fa (amb 1 c\u00e0rrega).<\/p><p>En la fase aquosa, fem una infusi\u00f3 de 9 plantes com la Milfulles, Hammamelis o el Ginkgo Biloba, i una combinaci\u00f3 de 2 Tintures que ens ajudaran a la conservaci\u00f3 i ens aportaran propietats antis\u00e8ptiques, i astringents.<\/p><p>Sinergia de 5 olis Essencials.<\/p><p>Els ingredients s\u00f3n naturals i Ecol\u00f2gics i tot el proc\u00e9s \u00e9s Vegano, Artesanal i Sostenible<\/p><ul>\n<li>Sense Parabens.<\/li>\n<li>Sense derivats de l&#039;petroli.<\/li>\n<li>Sense Silicones.<\/li>\n<li>Sense Sulfats.<\/li>\n<li>Sense Nanopart\u00edcules.<\/li>\n<li>sense Perfums<\/li>\n<li>Sense Conservants Sint\u00e8tics.<\/li>\n<\/ul><p>Envasat en Vidre perqu\u00e8 el nostre impacte ambiental sigui cada dia menor.<\/p><\/p>","protected":false},"excerpt":{"rendered":"<p style=\"text-align: center;\"><span style=\"color: #000000;\">ARTICLES PER A LA SALUT, CURA I BELLESA PERSONAL.<\/span><p style=\"text-align: center;\"><span style=\"color: #000000;\">PRODUCTES ECOL\u00d2GICS, ELABORACI\u00d3 ARTESANAL I CONSCIENT<\/span><\/p><hr class=\"separaproducto\"><p style=\"text-align: justify;\"><span style=\"color: #000000;\"><em><strong>ingredients:<\/strong> Aqua, Calendula Officinalis Flower Extract*, Achilea Millefolium Flower Extract*, Ginkgo biloba leaf Extract*, Malve SylveStrir Extract*, Chamomille Extraa*, Ribes nigrum Extrart*, Hamamelis Extract*, Virginiana FloWer Extract*, Olea Europaea Fruit Oil*, Commiphora Myrra Extract*, Olibanum Extract* , alcohol, Centella Asi&agrave;tica Extract, Aquilaria Agallocha Extract*, Citros Aurantium Amara Flower Oil*, Cetearyl alcohol, Sodium cetearyl sulfate, Sesamum Indicum Seed Oil*, Cedrm atlantica Oil*, Myroxylon balsamum*, Pogostemon Cablin Leaf Oil*, Laurel Nobilis Oil*. <\/em><\/span><\/p><p style=\"text-align: center;\"><span style=\"color: #000000;\"><em><strong>* PROCEDENTS DE L&#039;AGRICULTURA ECOL\u00d2GICA<\/strong><\/em><\/span><\/p><h3>Aquest producte est\u00e0 especialment elaborat per estimular la creaci\u00f3 d&#039;l&#039;\u00e0cid hialur\u00f2nic propi que el nostre organisme fabrica cada vegada menys amb el pas dels anys.<\/h3><p>Els olis de Cua de Cavall i Centella Asi\u00e0tica d&#039;aquesta crema estimulen la creaci\u00f3 d&#039;\u00e0cid hialur\u00f2nic, que treballa per regenerar i donar elasticitat a la pell.<\/p><ul>\n<li><span style=\"color: #000000;\"><strong>Centella Asi\u00e0tica<\/strong>: Antioxidant i cicatritzant. Estimulant de la bios\u00edntesi de col\u00b7lagen. Combat la cel\u00b7lulitis, varius i hemorroides. Promou la circulaci\u00f3 sangu\u00ednia en el cuir cabellut.<\/span><\/li>\n<li><span style=\"color: #000000;\"><strong>Cua de Cavall<\/strong>: Els seus oligoelements generen col\u00b7lagen que aporta flexibilitat i fermesa a la pell. Proporciona vitalitat i for\u00e7a a l&#039;cabell.<\/span><\/li>\n<li><span style=\"color: #000000;\"><strong>Gingko Biloba<\/strong>: Antioxidant, activador de la microcirculaci\u00f3 i el flux limf\u00e0tic. Combat els radicals lliures. La seva acci\u00f3 vasoreguladora ajuda a controlar les varius i reafirma la pell. Usat per tractar taques a la pell.<\/span><\/li>\n<\/ul><p><img loading=\"lazy\" decoding=\"async\" class=\"aligncenter wp-image-153 size-full\" src=\"https:\/\/organicroots.es\/wp-content\/uploads\/2021\/01\/Laurel-eucaliptos-verbena.png\" alt=\"\" width=\"667\" height=\"127\" srcset=\"https:\/\/organicroots.es\/wp-content\/uploads\/2021\/01\/Laurel-eucaliptos-verbena.png 667w, https:\/\/organicroots.es\/wp-content\/uploads\/2021\/01\/Laurel-eucaliptos-verbena-300x57.png 300w, https:\/\/organicroots.es\/wp-content\/uploads\/2021\/01\/Laurel-eucaliptos-verbena-600x114.png 600w\" sizes=\"auto, (max-width: 667px) 100vw, 667px\"><\/p><p style=\"text-align: center;\"><img loading=\"lazy\" decoding=\"async\" class=\"alignnone size-full wp-image-167\" src=\"https:\/\/organicroots.es\/wp-content\/uploads\/2021\/01\/logos-ficha0.png\" alt=\"\" width=\"226\" height=\"50\"><\/p><\/p>","protected":false},"featured_media":4651,"comment_status":"open","ping_status":"closed","template":"","meta":{"_genesis_hide_title":false,"_genesis_hide_breadcrumbs":false,"_genesis_hide_singular_image":false,"_genesis_hide_footer_widgets":false,"_genesis_custom_body_class":"","_genesis_custom_post_class":"","_genesis_layout":"","_joinchat":[]},"product_cat":[335,23,349],"product_tag":[50,51,52,53,44,45,46,47,48,54,49],"class_list":{"0":"post-790","1":"product","2":"type-product","3":"status-publish","4":"has-post-thumbnail","6":"product_cat-amarillo","7":"product_cat-cremas-ecologicas","8":"product_cat-cosmetica-golden-swan","9":"product_tag-colageno","10":"product_tag-cosmetica-ecologica","11":"product_tag-creador-acido-hialuronico","12":"product_tag-crema-facial","13":"product_tag-ecological-cream","14":"product_tag-face-cream","15":"product_tag-facial-cream","16":"product_tag-hialuronic-acid","17":"product_tag-plant-based","18":"product_tag-regeneradora","19":"product_tag-regenerative-cream","20":"entry","22":"first","23":"instock","24":"taxable","25":"shipping-taxable","26":"purchasable","27":"product-type-simple"},"_links":{"self":[{"href":"https:\/\/organicroots.es\/ca\/wp-json\/wp\/v2\/product\/790","targetHints":{"allow":["GET"]}}],"collection":[{"href":"https:\/\/organicroots.es\/ca\/wp-json\/wp\/v2\/product"}],"about":[{"href":"https:\/\/organicroots.es\/ca\/wp-json\/wp\/v2\/types\/product"}],"replies":[{"embeddable":true,"href":"https:\/\/organicroots.es\/ca\/wp-json\/wp\/v2\/comments?post=790"}],"wp:featuredmedia":[{"embeddable":true,"href":"https:\/\/organicroots.es\/ca\/wp-json\/wp\/v2\/media\/4651"}],"wp:attachment":[{"href":"https:\/\/organicroots.es\/ca\/wp-json\/wp\/v2\/media?parent=790"}],"wp:term":[{"taxonomy":"product_cat","embeddable":true,"href":"https:\/\/organicroots.es\/ca\/wp-json\/wp\/v2\/product_cat?post=790"},{"taxonomy":"product_tag","embeddable":true,"href":"https:\/\/organicroots.es\/ca\/wp-json\/wp\/v2\/product_tag?post=790"}],"curies":[{"name":"wp","href":"https:\/\/api.w.org\/{rel}","templated":true}]}}