{"id":788,"date":"2021-01-25T12:32:48","date_gmt":"2021-01-25T12:32:48","guid":{"rendered":"https:\/\/roots.graciasseo.com\/producto\/import-placeholder-for-370\/"},"modified":"2025-12-16T11:07:25","modified_gmt":"2025-12-16T11:07:25","slug":"aceite-hiperico-50ml","status":"publish","type":"product","link":"https:\/\/organicroots.es\/ca\/producte\/oli-hiperico-50ml\/","title":{"rendered":"<p>Oli hip\u00e8ric 50ml<\/p>"},"content":{"rendered":"","protected":false},"excerpt":{"rendered":"<p style=\"text-align: center;\"><strong><span style=\"color: #000000;\">ARTICLES PER A LA SALUT, CURA I BELLESA PERSONAL.<br>\n<\/span><span style=\"color: #000000;\">PRODUCTES ECOL\u00d2GICS, ELABORACI\u00d3 ARTESANAL I CONSCIENT<\/span><\/strong><hr class=\"separaproducto\"><p style=\"text-align: justify;\"><span style=\"color: #000000;\"><em><strong>ingredients:<\/strong>&nbsp;Olea europea (oliva) Oil *, Hypericum perforatum Extract *. <\/em><\/span><\/p><p style=\"text-align: center;\"><span style=\"color: #000000;\"><em><strong>* PROCEDENTS DE L&#039;AGRICULTURA ECOL\u00d2GICA<\/strong><\/em><\/span><\/p><h3>Desinflama A NIVELL MUSCULAR I ARTICULAR, FOMENTA LA CIRCULACI\u00d3 I AJUDA A cicatritzar.<\/h3><ul>\n<li><span style=\"color: #000000;\"><strong>Hip\u00e8ric<\/strong>: Gr\u00e0cies a dos dels seus elements (hipericina i hiperforina), les flors d&#039;aquesta planta ajuden a tractar problemes d&#039;ansietat o depressi\u00f3 lleu. Ajuden a regenerar la pell que ha patit ferides, nafres o cremades gr\u00e0cies al seu poder cicatritzant. A causa de les seves propietats antiinflamat\u00f2ries, t\u00e9 un efecte positiu en: ferides, cremades lleus, picades d&#039;insectes, espasmes musculars, contusions i esquin\u00e7os. Redueix els problemes relacionats amb l&#039;acidesa estomacal i contribueix a eliminar toxines de l&#039;organisme.<\/span><\/li>\n<\/ul><p><img loading=\"lazy\" decoding=\"async\" class=\"aligncenter wp-image-130 size-thumbnail\" src=\"https:\/\/organicroots.es\/wp-content\/uploads\/2021\/01\/hiperico-o-hierba-de-san-juan-150x150.png\" alt=\"\" width=\"150\" height=\"150\" srcset=\"https:\/\/organicroots.es\/wp-content\/uploads\/2021\/01\/hiperico-o-hierba-de-san-juan-150x150.png 150w, https:\/\/organicroots.es\/wp-content\/uploads\/2021\/01\/hiperico-o-hierba-de-san-juan-300x300.png 300w, https:\/\/organicroots.es\/wp-content\/uploads\/2021\/01\/hiperico-o-hierba-de-san-juan.png 410w\" sizes=\"auto, (max-width: 150px) 100vw, 150px\"><\/p><p><img loading=\"lazy\" decoding=\"async\" class=\"wp-image-167 size-full aligncenter\" src=\"https:\/\/organicroots.es\/wp-content\/uploads\/2021\/01\/logos-ficha0.png\" alt=\"\" width=\"226\" height=\"50\"><\/p><\/p>","protected":false},"featured_media":462,"comment_status":"open","ping_status":"closed","template":"","meta":{"_genesis_hide_title":false,"_genesis_hide_breadcrumbs":false,"_genesis_hide_singular_image":false,"_genesis_hide_footer_widgets":false,"_genesis_custom_body_class":"","_genesis_custom_post_class":"","_genesis_layout":"","_joinchat":[]},"product_cat":[40,313],"product_tag":[37,38,39],"class_list":{"0":"post-788","1":"product","2":"type-product","3":"status-publish","4":"has-post-thumbnail","6":"product_cat-aceites","7":"product_cat-rojo","8":"product_tag-herba-de-sant-joan","9":"product_tag-hiperic","10":"product_tag-oli-de-cop","11":"entry","13":"first","14":"instock","15":"taxable","16":"shipping-taxable","17":"purchasable","18":"product-type-simple"},"_links":{"self":[{"href":"https:\/\/organicroots.es\/ca\/wp-json\/wp\/v2\/product\/788","targetHints":{"allow":["GET"]}}],"collection":[{"href":"https:\/\/organicroots.es\/ca\/wp-json\/wp\/v2\/product"}],"about":[{"href":"https:\/\/organicroots.es\/ca\/wp-json\/wp\/v2\/types\/product"}],"replies":[{"embeddable":true,"href":"https:\/\/organicroots.es\/ca\/wp-json\/wp\/v2\/comments?post=788"}],"wp:featuredmedia":[{"embeddable":true,"href":"https:\/\/organicroots.es\/ca\/wp-json\/wp\/v2\/media\/462"}],"wp:attachment":[{"href":"https:\/\/organicroots.es\/ca\/wp-json\/wp\/v2\/media?parent=788"}],"wp:term":[{"taxonomy":"product_cat","embeddable":true,"href":"https:\/\/organicroots.es\/ca\/wp-json\/wp\/v2\/product_cat?post=788"},{"taxonomy":"product_tag","embeddable":true,"href":"https:\/\/organicroots.es\/ca\/wp-json\/wp\/v2\/product_tag?post=788"}],"curies":[{"name":"wp","href":"https:\/\/api.w.org\/{rel}","templated":true}]}}