{"id":787,"date":"2021-01-25T12:32:48","date_gmt":"2021-01-25T12:32:48","guid":{"rendered":"https:\/\/roots.graciasseo.com\/producto\/import-placeholder-for-367\/"},"modified":"2024-11-07T13:07:30","modified_gmt":"2024-11-07T13:07:30","slug":"hidratante-intensa-75ml","status":"publish","type":"product","link":"https:\/\/organicroots.es\/ca\/producte\/hidratant-intensa-75ml\/","title":{"rendered":"<p>Hidratant intensa 75ml<\/p>"},"content":{"rendered":"<p><span style=\"font-size: large;\">Aquest Producte est\u00e0 especialment elaborat per a les pells sensibles, delicades o seques. \u00c9s perfecte per a les mans, la cara o el coll. La Rosa Mosqueta \u00e9s un gran estimulador de col\u00b7lagen i elastina. per aix\u00f2&nbsp;<\/span><span style=\"font-size: large;\">\u00e9s tan utilitzat per activar i aportar m\u00e9s elasticitat i suavitat a la nostra pell, aix\u00ed com&nbsp;<\/span><span style=\"font-size: large;\">tornar-la seva brillantor natural. Tamb\u00e9 \u00e9s un conegut reestructurant de la pigmentaci\u00f3 cut\u00e0nia, aix\u00ed que pot ajudar-nos a pal\u00b7liar estries, taques, conseq\u00fc\u00e8ncies de l&#039;embar\u00e0s, pell seca o delicada.<\/span><br>\n<span style=\"font-size: large;\">Utilitzem tamb\u00e9 Oli de Jojoba, que t\u00e9 una composici\u00f3 molt alta en \u00e8sters i molt baixa en poliinsaturats aix\u00ed que es podria dir que \u00e9s com una cera l\u00edquida. Posseeix propietats com reestructurant cel\u00b7lular afavorint l&#039;elasticitat de la pell i aportant una gran quantitat de Vitamina E, <\/span><span style=\"font-size: large;\">que treballa per estimular la reparaci\u00f3 de la pell i enfortir-la.<\/span><br>\n<span style=\"font-size: large;\">Per a aquesta composici\u00f3, fem servir tamb\u00e9 oli de Cal\u00e8ndula que, entre les seves m\u00faltiples propietats, \u00e9s antiinflamatori. \u00c9s especialment cur\u00f3s amb les pells sensibles, i calma co\u00efssors i picors. A l&#039;\u00e9sser&nbsp;<\/span><span style=\"font-size: large;\">antis\u00e8ptic i analg\u00e8sic ens ajuda en diverses&nbsp;<\/span><span style=\"font-size: large;\">afeccions de la pell.&nbsp;<\/span><p><span style=\"font-size: large;\">Cont\u00e9 Oli essencial Ecol\u00f2gic que aporta una aroma suau i delicat.<\/span><br>\n<span style=\"font-size: large;\">Els ingredients s\u00f3n naturals i Ecol\u00f2gics i tot el proc\u00e9s \u00e9s Vegano, Artesanal i Sostenible.<\/span><\/p><p><span style=\"font-size: large;\">sense Parabens<\/span><br>\n<span style=\"font-size: large;\">Sense derivats de l&#039;petroli<\/span><br>\n<span style=\"font-size: large;\">sense Silicones<\/span><br>\n<span style=\"font-size: large;\">sense Sulfats<\/span><br>\n<span style=\"font-size: large;\">sense Nanopart\u00edcules<\/span><br>\n<span style=\"font-size: large;\">sense Perfums<\/span><br>\n<span style=\"font-size: large;\">Sense Conservants Sint\u00e8tics<\/span><\/p><\/p>","protected":false},"excerpt":{"rendered":"<p style=\"text-align: center;\"><span style=\"color: #000000;\">ARTICLES PER A LA SALUT, CURA I BELLESA PERSONAL.<\/span><p style=\"text-align: center;\"><span style=\"color: #000000;\">PRODUCTES ECOL\u00d2GICS, ELABORACI\u00d3 ARTESANAL I CONSCIENT<\/span><\/p><hr class=\"separaproducto\"><p style=\"text-align: justify;\"><span style=\"color: #000000;\"><em><strong>ingredients:<\/strong> Aqua, Prunus Amygdalus Dulcis Oil *, Simmondsia Sinensis Seed Oil *, Potassium Olivoyl Hydrolyzed Oat Protein, Cetearyl alcohol, Glyceryl Stearate, Rosa Canina Fruit Oil *, Olea Europaea Fruit Oil *, Citrus Sinensis Peel Oil *, Glyceryl Oleate, Calendula Officinalis Flower *, Sodium benzoate, Potassium Sorbate.<\/em><\/span><\/p><p style=\"text-align: center;\"><span style=\"color: #000000;\"><em><strong>* PROCEDENTS DE L&#039;AGRICULTURA ECOL\u00d2GICA<\/strong><\/em><\/span><\/p><h3 style=\"text-align: center;\">PELLS SEQUES O DELICADES<\/h3><ul>\n<li><span style=\"color: #000000;\"><strong>Rosa Mosqueta<\/strong>: Se li atribueixen propietats reafirmants ja que activa la creaci\u00f3 d&#039;elastina i col\u00b7lagen. Cicatritzant i potent antiestries, restaurador capil\u00b7lar i de la pigmentaci\u00f3 cut\u00e0nia.<\/span><\/li>\n<li><span style=\"color: #000000;\"><strong>cal\u00e8ndula<\/strong>: Se li atribueixen propietats com antiinflamatori, i analg\u00e8sic. Regeneradora dels teixits i estimulant de l&#039;creixement capil\u00b7lar. Refor\u00e7a l&#039;ancoratge de les peces dentals.<\/span><\/li>\n<li><span style=\"color: #000000;\"><strong>jojoba<\/strong>: Estudis metges li confereixen una gran quantitat de vitamina E, qualitats antif\u00fangiques i antibacterianes. Important hidratant corporal, molt utilitzada per tractar arrugues i l\u00ednies d&#039;expressi\u00f3.<\/span><\/li>\n<\/ul><p><img loading=\"lazy\" decoding=\"async\" class=\"aligncenter wp-image-242 size-full\" src=\"https:\/\/organicroots.es\/wp-content\/uploads\/2021\/01\/rosa-jojoba-calendula.png\" alt=\"\" width=\"667\" height=\"127\" srcset=\"https:\/\/organicroots.es\/wp-content\/uploads\/2021\/01\/rosa-jojoba-calendula.png 667w, https:\/\/organicroots.es\/wp-content\/uploads\/2021\/01\/rosa-jojoba-calendula-300x57.png 300w, https:\/\/organicroots.es\/wp-content\/uploads\/2021\/01\/rosa-jojoba-calendula-600x114.png 600w\" sizes=\"auto, (max-width: 667px) 100vw, 667px\"><\/p><p style=\"text-align: center;\"><img loading=\"lazy\" decoding=\"async\" class=\"alignnone size-full wp-image-167\" src=\"https:\/\/organicroots.es\/wp-content\/uploads\/2021\/01\/logos-ficha0.png\" alt=\"\" width=\"226\" height=\"50\"><\/p><\/p>","protected":false},"featured_media":488,"comment_status":"open","ping_status":"closed","template":"","meta":{"_genesis_hide_title":false,"_genesis_hide_breadcrumbs":false,"_genesis_hide_singular_image":false,"_genesis_hide_footer_widgets":false,"_genesis_custom_body_class":"","_genesis_custom_post_class":"","_genesis_layout":"","_joinchat":[]},"product_cat":[325,23],"product_tag":[66,55,51,61,67,26,68,56,69,57,58,62,63,59,64,65,60],"class_list":{"0":"post-787","1":"product","2":"type-product","3":"status-publish","4":"has-post-thumbnail","6":"product_cat-azul","7":"product_cat-cremas-ecologicas","8":"product_tag-calendula","9":"product_tag-calendula-oil","10":"product_tag-cosmetica-ecologica","11":"product_tag-crema-hidratant-intensa","12":"product_tag-crema-hidratante","13":"product_tag-ecocosmetica","14":"product_tag-hidratante-intensa","15":"product_tag-intense-moisturizer","16":"product_tag-jojoba","17":"product_tag-jojoba-oil","18":"product_tag-moisturizer","19":"product_tag-oli-de-calendula","20":"product_tag-oli-de-jojoba","21":"product_tag-organic-cream","22":"product_tag-pells-seques","23":"product_tag-rosa-mosqueta","24":"product_tag-rosehip-oil","25":"entry","27":"first","28":"instock","29":"taxable","30":"shipping-taxable","31":"purchasable","32":"product-type-simple"},"_links":{"self":[{"href":"https:\/\/organicroots.es\/ca\/wp-json\/wp\/v2\/product\/787","targetHints":{"allow":["GET"]}}],"collection":[{"href":"https:\/\/organicroots.es\/ca\/wp-json\/wp\/v2\/product"}],"about":[{"href":"https:\/\/organicroots.es\/ca\/wp-json\/wp\/v2\/types\/product"}],"replies":[{"embeddable":true,"href":"https:\/\/organicroots.es\/ca\/wp-json\/wp\/v2\/comments?post=787"}],"wp:featuredmedia":[{"embeddable":true,"href":"https:\/\/organicroots.es\/ca\/wp-json\/wp\/v2\/media\/488"}],"wp:attachment":[{"href":"https:\/\/organicroots.es\/ca\/wp-json\/wp\/v2\/media?parent=787"}],"wp:term":[{"taxonomy":"product_cat","embeddable":true,"href":"https:\/\/organicroots.es\/ca\/wp-json\/wp\/v2\/product_cat?post=787"},{"taxonomy":"product_tag","embeddable":true,"href":"https:\/\/organicroots.es\/ca\/wp-json\/wp\/v2\/product_tag?post=787"}],"curies":[{"name":"wp","href":"https:\/\/api.w.org\/{rel}","templated":true}]}}