{"id":785,"date":"2021-01-25T12:32:48","date_gmt":"2021-01-25T12:32:48","guid":{"rendered":"https:\/\/roots.graciasseo.com\/producto\/import-placeholder-for-331\/"},"modified":"2022-11-18T12:30:24","modified_gmt":"2022-11-18T12:30:24","slug":"crema-dolor-20ml","status":"publish","type":"product","link":"https:\/\/organicroots.es\/ca\/producte\/crema-dolor-20ml\/","title":{"rendered":"<p>Crema dolor 20ml<\/p>"},"content":{"rendered":"<p>Indicada per a qualsevol tipus de dolor muscular, articular o cr\u00f2nic a causa dels seus olis. S&#039;ha d&#039;aplicar poca quantitat i expandir massatge l&#039;zona. Est\u00e0 composta per una base de Mantega de Karit\u00e9, un potent regenerador cel\u00b7lular, oli d&#039;\u00c0rnica, Cal\u00e8ndula i Hip\u00e8ric, que a m\u00e9s de alleujar-el dolor i evitar la inflamaci\u00f3 i els hematomes, si ens ho apliquem just despr\u00e9s d&#039;un cop, ens desinfectar\u00e0 la zona.<p>Li hem afegit olis essencials de Gaultheria i Gingebre per potenciar l&#039;efecte antiinflamatori i antis\u00e8ptic.<\/p><p>Es pot usar per a tota la fam\u00edlia ja que tots els seus ingredients s\u00f3n naturals i ecol\u00f2gics.<\/p><\/p>","protected":false},"excerpt":{"rendered":"<p style=\"text-align: center;\"><span style=\"color: #000000;\">ARTICLES PER A LA SALUT, CURA I BELLESA PERSONAL.<\/span><p style=\"text-align: center;\"><span style=\"color: #000000;\">PRODUCTES ECOL\u00d2GICS, ELABORACI\u00d3 ARTESANAL I CONSCIENT<\/span><\/p><hr class=\"separaproducto\"><p style=\"text-align: justify;\"><span style=\"color: #000000;\"><em><strong>ingredients:<\/strong> Butyrospermum parkii *, Arnica Montana Flower Oil *, Calendula Officinalis Flower Oil *, Copernica cerifera cera *, Hypericum perforatum flower Extract *, Eucalyptus globulus leaf Oil *, gaulteria Fragantissima *, Zingiber Officinalis *.<\/em><\/span><\/p><p style=\"text-align: center;\"><span style=\"color: #000000;\"><em><strong>* PROCEDENTS DE L&#039;AGRICULTURA ECOL\u00d2GICA<\/strong><\/em><\/span><\/p><h3 style=\"text-align: center;\">AJUDA EN ZONES AMB DOLOR MUSCULAR O ARTICULAR<\/h3><ul>\n<li><span style=\"color: #000000;\"><strong>\u00e0rnica<\/strong>: Propietats antiinflamat\u00f2ries i analg\u00e8siques. Actua com calor\u00edfic. Indicat per a la millora d&#039;artritis, reuma i artrosi. Creixement capil\u00b7lar.<\/span><\/li>\n<li><span style=\"color: #000000;\"><strong>cal\u00e8ndula<\/strong>: Propietats antiinflamat\u00f2ries i analg\u00e8siques. Regenera els teixits. Creixement capil\u00b7lar. Enforteix les peces dentals.<\/span><\/li>\n<li><span style=\"color: #000000;\"><strong>Hip\u00e8ric<\/strong>: Recol\u00b7lectat el dia de Sant Joan. Potent antiinflamatori usat per cops i dolors. Cicatritzant i antidepressiu. Enforteix els nervis, la mem\u00f2ria i l&#039;\u00e0nim.<\/span><\/li>\n<\/ul><p style=\"text-align: center;\"><img loading=\"lazy\" decoding=\"async\" class=\"alignnone wp-image-64 size-full\" src=\"https:\/\/organicroots.es\/wp-content\/uploads\/2021\/01\/Arnica-calendula-hiperico.png\" alt=\"\" width=\"667\" height=\"127\" srcset=\"https:\/\/organicroots.es\/wp-content\/uploads\/2021\/01\/Arnica-calendula-hiperico.png 667w, https:\/\/organicroots.es\/wp-content\/uploads\/2021\/01\/Arnica-calendula-hiperico-300x57.png 300w, https:\/\/organicroots.es\/wp-content\/uploads\/2021\/01\/Arnica-calendula-hiperico-600x114.png 600w\" sizes=\"auto, (max-width: 667px) 100vw, 667px\"><\/p><p style=\"text-align: center;\"><img loading=\"lazy\" decoding=\"async\" class=\"alignnone size-full wp-image-166\" src=\"https:\/\/organicroots.es\/wp-content\/uploads\/2021\/01\/logos-ficha.png\" alt=\"\" width=\"170\" height=\"50\"><\/p><\/p>","protected":false},"featured_media":473,"comment_status":"open","ping_status":"closed","template":"","meta":{"_genesis_hide_title":false,"_genesis_hide_breadcrumbs":false,"_genesis_hide_singular_image":false,"_genesis_hide_footer_widgets":false,"_genesis_custom_body_class":"","_genesis_custom_post_class":"","_genesis_layout":"","_joinchat":[]},"product_cat":[23,337],"product_tag":[],"class_list":{"0":"post-785","1":"product","2":"type-product","3":"status-publish","4":"has-post-thumbnail","6":"product_cat-cremas-ecologicas","7":"product_cat-granate","8":"entry","10":"first","11":"instock","12":"taxable","13":"shipping-taxable","14":"purchasable","15":"product-type-simple"},"_links":{"self":[{"href":"https:\/\/organicroots.es\/ca\/wp-json\/wp\/v2\/product\/785","targetHints":{"allow":["GET"]}}],"collection":[{"href":"https:\/\/organicroots.es\/ca\/wp-json\/wp\/v2\/product"}],"about":[{"href":"https:\/\/organicroots.es\/ca\/wp-json\/wp\/v2\/types\/product"}],"replies":[{"embeddable":true,"href":"https:\/\/organicroots.es\/ca\/wp-json\/wp\/v2\/comments?post=785"}],"wp:featuredmedia":[{"embeddable":true,"href":"https:\/\/organicroots.es\/ca\/wp-json\/wp\/v2\/media\/473"}],"wp:attachment":[{"href":"https:\/\/organicroots.es\/ca\/wp-json\/wp\/v2\/media?parent=785"}],"wp:term":[{"taxonomy":"product_cat","embeddable":true,"href":"https:\/\/organicroots.es\/ca\/wp-json\/wp\/v2\/product_cat?post=785"},{"taxonomy":"product_tag","embeddable":true,"href":"https:\/\/organicroots.es\/ca\/wp-json\/wp\/v2\/product_tag?post=785"}],"curies":[{"name":"wp","href":"https:\/\/api.w.org\/{rel}","templated":true}]}}