{"id":784,"date":"2021-01-25T12:32:47","date_gmt":"2021-01-25T12:32:47","guid":{"rendered":"https:\/\/roots.graciasseo.com\/producto\/import-placeholder-for-325\/"},"modified":"2025-07-06T01:20:30","modified_gmt":"2025-07-06T01:20:30","slug":"pasta-dental-75ml","status":"publish","type":"product","link":"https:\/\/organicroots.es\/ca\/producte\/pasta-dental-75ml\/","title":{"rendered":"<p>Pasta dental sin fluor 75ml<\/p>"},"content":{"rendered":"<p>Pasta Dental sin fluor y artesanal de Organic Roots en frasco de 75ml<p>En aquest producte intentem posar tot el necessari per prevenir c\u00e0ries, sensibilitat dental, gingivitis, tosca i subjecci\u00f3 de genives. Per aix\u00f2 el vam elaborar amb Tintures de Eucaliptus, Fonoll, Palosanto, Mirra, Clau d&#039;Olor i Mentol entre d&#039;altres components.<\/p><p>Infusi\u00f3 de 7 Plantes, entre elles, Malva, Camamilla, Salvia i Estevia, que ens d\u00f3na la dol\u00e7or necessari per al seu gust final<\/p><p>Olis essencials que ens aporten molta frescor, bon gust i bon al\u00e8. A alguns se&#039;ls atribueix efecte blanquejant com a l&#039;Oli Essencial de Llimona o al d&#039;Menta.<\/p><p>Envasado en Cristal para una mayor conservaci&oacute;n del producto y un planeta m&aacute;s sostenible<\/p><\/p>","protected":false},"excerpt":{"rendered":"<p style=\"text-align: center;\"><span style=\"color: #000000;\">ARTICLES PER A LA SALUT, CURA I BELLESA PERSONAL.<\/span><p style=\"text-align: center;\"><span style=\"color: #000000;\">PRODUCTES ECOL\u00d2GICS, ELABORACI\u00d3 ARTESANAL I CONSCIENT<\/span><\/p><hr class=\"separaproducto\"><p style=\"text-align: justify;\"><span style=\"color: #000000;\"><em><strong>ingredients:<\/strong> Kaolin, Juniperus Communis fruit extract *, Sesamum Indicum Seed Oil *, Chamomille Extract *, Plantago Major leaf Extract *, Eugenia caryophyllus Extract *, Menthol, Calendula Officinalis Flower Oil *, Aguaribay Extract *, Aqua, Stevia Rebaudiana Extract *, Malva Sylvestris extract *, Diospyros kaki Extract, Cinnamomum Zrylanicum Oil *, Commimphora Myrra Extract *, Citrus Lemon Oil *, alcohol, Mentha Piperita Oil *, Limonene. <\/em><\/span><\/p><p style=\"text-align: center;\"><span style=\"color: #000000;\"><em><strong>* PROCEDENTS DE L&#039;AGRICULTURA ECOL\u00d2GICA<\/strong><\/em><\/span><\/p><h3 style=\"text-align: center;\">AJUDA A COMBATRE LA C\u00c0RIES, tosca, GINGIVITIS I SENSIBILITAT DENTAL<\/h3><ul>\n<li><span style=\"color: #000000;\"><strong>s\u00e8sam<\/strong>: Gran quantitat de vitamina A i E. Ajuda a enfortir genives i dents. Combat la tosca i la gingivitis.<\/span><\/li>\n<li><span style=\"color: #000000;\"><strong>mirra<\/strong>: Utilitzada des de l&#039;antiguitat com encens gr\u00e0cies al seu poder antis\u00e8ptic. Alleuja aftes, genives sagnants, c\u00e0ries, gingivitis i infeccions. Aporta suavitat i finor a la pell i regenera els teixits.<\/span><\/li>\n<li><span style=\"color: #000000;\"><strong>palosanto<\/strong>: Se li confereix un gran poder antis\u00e8ptic que ajuda a eliminar halitosi i placa bacteriana. Potent blanquejador, ajuda a sagnat i retracci\u00f3 de genives.<\/span><\/li>\n<\/ul><p><img loading=\"lazy\" decoding=\"async\" class=\"aligncenter wp-image-247 size-full\" src=\"https:\/\/organicroots.es\/wp-content\/uploads\/2021\/01\/Sesamo-mirra-palosanto.png\" alt=\"\" width=\"667\" height=\"127\" srcset=\"https:\/\/organicroots.es\/wp-content\/uploads\/2021\/01\/Sesamo-mirra-palosanto.png 667w, https:\/\/organicroots.es\/wp-content\/uploads\/2021\/01\/Sesamo-mirra-palosanto-300x57.png 300w, https:\/\/organicroots.es\/wp-content\/uploads\/2021\/01\/Sesamo-mirra-palosanto-600x114.png 600w\" sizes=\"auto, (max-width: 667px) 100vw, 667px\"><\/p><p style=\"text-align: center;\"><img loading=\"lazy\" decoding=\"async\" class=\"alignnone size-full wp-image-167\" src=\"https:\/\/organicroots.es\/wp-content\/uploads\/2021\/01\/logos-ficha0.png\" alt=\"\" width=\"226\" height=\"50\"><\/p><\/p>","protected":false},"featured_media":492,"comment_status":"open","ping_status":"closed","template":"","meta":{"_genesis_hide_title":false,"_genesis_hide_breadcrumbs":false,"_genesis_hide_singular_image":false,"_genesis_hide_footer_widgets":false,"_genesis_custom_body_class":"","_genesis_custom_post_class":"","_genesis_layout":"","_joinchat":[]},"product_cat":[329,71],"product_tag":[],"class_list":{"0":"post-784","1":"product","2":"type-product","3":"status-publish","4":"has-post-thumbnail","6":"product_cat-azul-verdoso","7":"product_cat-higiene-personal","8":"entry","10":"first","11":"instock","12":"taxable","13":"shipping-taxable","14":"purchasable","15":"product-type-simple"},"_links":{"self":[{"href":"https:\/\/organicroots.es\/ca\/wp-json\/wp\/v2\/product\/784","targetHints":{"allow":["GET"]}}],"collection":[{"href":"https:\/\/organicroots.es\/ca\/wp-json\/wp\/v2\/product"}],"about":[{"href":"https:\/\/organicroots.es\/ca\/wp-json\/wp\/v2\/types\/product"}],"replies":[{"embeddable":true,"href":"https:\/\/organicroots.es\/ca\/wp-json\/wp\/v2\/comments?post=784"}],"wp:featuredmedia":[{"embeddable":true,"href":"https:\/\/organicroots.es\/ca\/wp-json\/wp\/v2\/media\/492"}],"wp:attachment":[{"href":"https:\/\/organicroots.es\/ca\/wp-json\/wp\/v2\/media?parent=784"}],"wp:term":[{"taxonomy":"product_cat","embeddable":true,"href":"https:\/\/organicroots.es\/ca\/wp-json\/wp\/v2\/product_cat?post=784"},{"taxonomy":"product_tag","embeddable":true,"href":"https:\/\/organicroots.es\/ca\/wp-json\/wp\/v2\/product_tag?post=784"}],"curies":[{"name":"wp","href":"https:\/\/api.w.org\/{rel}","templated":true}]}}