{"id":782,"date":"2021-01-25T12:32:47","date_gmt":"2021-01-25T12:32:47","guid":{"rendered":"https:\/\/roots.graciasseo.com\/producto\/import-placeholder-for-307\/"},"modified":"2025-07-06T01:20:30","modified_gmt":"2025-07-06T01:20:30","slug":"aceite-masaje-afrodisiaco-75ml","status":"publish","type":"product","link":"https:\/\/organicroots.es\/ca\/producte\/oli-massatge-afrodisiac-75ml\/","title":{"rendered":"<p>Oli massatge afrodis\u00edac 75ml<\/p>"},"content":{"rendered":"<p>Una agradable sinergia d&#039;olis vegetals i essencials que fan d&#039;aquest producte una del\u00edcia per als sentits<br>\nFem servir oli vegetal de s\u00e8sam de primera premsada en fred, que ens aporta propietats antiinflamat\u00f2ries i \u00e9s l&#039;oli amb major penetraci\u00f3 a nivell d\u00e8rmic per poder realitzar un bon massatge de desc\u00e0rrega, i l&#039;oli d&#039;ametlla que ens aporta protecci\u00f3 a la pell.<br>\nActua com a b\u00e0lsam perfumat per a un bon massatge, per calmar-nos despr\u00e9s d&#039;un llarg dia i relaxar tensions.<p>OLI D&#039;AMETLLA, S\u00c8SAM I OLIS ESSENCIALS DE CARDAMOM, CANYELLA, TARONJA I ESP\u00cdGOL<\/p><p>&nbsp;<\/p><\/p>","protected":false},"excerpt":{"rendered":"<p style=\"text-align: center;\"><span style=\"color: #000000;\">ARTICLES PER A LA SALUT, CURA I BELLESA PERSONAL.<\/span><p><span style=\"color: #000000;\">PRODUCTES ECOL\u00d2GICS, ELABORACI\u00d3 ARTESANAL I CONSCIENT<\/span><\/p><hr class=\"separaproducto\"><p style=\"text-align: justify;\"><span style=\"color: #000000;\"><em><strong>ingredients:<\/strong> Prunus Amygdalus Dulcis Oil *, Sesamun Indicum Seed Oil *, Citrus Sinensis Peel Oil Expressed *, cardamom Seed Oil *, Cinnamomum Zeylanicum Leaf Oil *, Lavandula Angustifolia Oil *, Citral, Eugenol, Geraniol, Limonene, Linalool.<\/em><\/span><\/p><p style=\"text-align: center;\"><span style=\"color: #000000;\"><em><strong>* PROCEDENTS DE L&#039;AGRICULTURA ECOL\u00d2GICA<\/strong><\/em><\/span><\/p><h3 style=\"text-align: center;\">RELAXANT MUSCULAR I relaxador DE TENSIONS<\/h3><ul>\n<li><span style=\"color: #000000;\"><strong>s\u00e8sam:<\/strong> cont\u00e9 gran quantitat de vitamina A i E que li confereixen propietats com reestructurant de col\u00b7lagen i hidrataci\u00f3 cel\u00b7lular. Molt utilitzat en medicina ayurveda causa del seu gran poder de penetraci\u00f3 cut\u00e0nia i el seu poder antiinflamatori.<br>\nCardamom verd: planta nativa de l&#039;\u00cdndia utilitzada en casos d&#039;esquin\u00e7os, estrebada muscular, dolors abdominals, tor\u00e7ades i cops. Tonifica el sistema nervi\u00f3s aportant frescor i benestar.<\/span><\/li>\n<li><span style=\"color: #000000;\"><strong>Cardamom verd:<\/strong> planta nativa de l&#039;\u00cdndia utilitzada en casos d&#039;esquin\u00e7os, terui\u00f3n muscular, dolors abdominals, tor\u00e7ades i cops. Tonifica el sistema nervi\u00f3s aportant frescor i benestar.<\/span><\/li>\n<\/ul><p><img loading=\"lazy\" decoding=\"async\" class=\"aligncenter wp-image-246 size-full\" src=\"https:\/\/organicroots.es\/wp-content\/uploads\/2021\/01\/Sesamo-Cardomo-verde.png\" alt=\"\" width=\"667\" height=\"127\" srcset=\"https:\/\/organicroots.es\/wp-content\/uploads\/2021\/01\/Sesamo-Cardomo-verde.png 667w, https:\/\/organicroots.es\/wp-content\/uploads\/2021\/01\/Sesamo-Cardomo-verde-300x57.png 300w, https:\/\/organicroots.es\/wp-content\/uploads\/2021\/01\/Sesamo-Cardomo-verde-600x114.png 600w\" sizes=\"auto, (max-width: 667px) 100vw, 667px\"><\/p><p style=\"text-align: center;\"><img loading=\"lazy\" decoding=\"async\" class=\"alignnone size-full wp-image-167\" src=\"https:\/\/organicroots.es\/wp-content\/uploads\/2021\/01\/logos-ficha0.png\" alt=\"\" width=\"226\" height=\"50\"><\/p><\/p>","protected":false},"featured_media":463,"comment_status":"open","ping_status":"closed","template":"","meta":{"_genesis_hide_title":false,"_genesis_hide_breadcrumbs":false,"_genesis_hide_singular_image":false,"_genesis_hide_footer_widgets":false,"_genesis_custom_body_class":"","_genesis_custom_post_class":"","_genesis_layout":"","_joinchat":[]},"product_cat":[40,313],"product_tag":[],"class_list":{"0":"post-782","1":"product","2":"type-product","3":"status-publish","4":"has-post-thumbnail","6":"product_cat-aceites","7":"product_cat-rojo","8":"entry","10":"first","11":"instock","12":"taxable","13":"shipping-taxable","14":"purchasable","15":"product-type-simple"},"_links":{"self":[{"href":"https:\/\/organicroots.es\/ca\/wp-json\/wp\/v2\/product\/782","targetHints":{"allow":["GET"]}}],"collection":[{"href":"https:\/\/organicroots.es\/ca\/wp-json\/wp\/v2\/product"}],"about":[{"href":"https:\/\/organicroots.es\/ca\/wp-json\/wp\/v2\/types\/product"}],"replies":[{"embeddable":true,"href":"https:\/\/organicroots.es\/ca\/wp-json\/wp\/v2\/comments?post=782"}],"wp:featuredmedia":[{"embeddable":true,"href":"https:\/\/organicroots.es\/ca\/wp-json\/wp\/v2\/media\/463"}],"wp:attachment":[{"href":"https:\/\/organicroots.es\/ca\/wp-json\/wp\/v2\/media?parent=782"}],"wp:term":[{"taxonomy":"product_cat","embeddable":true,"href":"https:\/\/organicroots.es\/ca\/wp-json\/wp\/v2\/product_cat?post=782"},{"taxonomy":"product_tag","embeddable":true,"href":"https:\/\/organicroots.es\/ca\/wp-json\/wp\/v2\/product_tag?post=782"}],"curies":[{"name":"wp","href":"https:\/\/api.w.org\/{rel}","templated":true}]}}