{"id":781,"date":"2021-01-25T12:32:47","date_gmt":"2021-01-25T12:32:47","guid":{"rendered":"https:\/\/roots.graciasseo.com\/producto\/import-placeholder-for-72\/"},"modified":"2024-12-20T01:28:11","modified_gmt":"2024-12-20T01:28:11","slug":"leche-corporal-250ml","status":"publish","type":"product","link":"https:\/\/organicroots.es\/ca\/producte\/llet-corporal-250ml\/","title":{"rendered":"<p>Llet corporal 250ml<\/p>"},"content":{"rendered":"","protected":false},"excerpt":{"rendered":"<p style=\"text-align: center;\"><span style=\"color: #000000;\">ARTICLES PER A LA SALUT, CURA I BELLESA PERSONAL.<\/span><p style=\"text-align: center;\"><span style=\"color: #000000;\">PRODUCTES ECOL\u00d2GICS, ELABORACI\u00d3 ARTESANAL I CONSCIENT<\/span><\/p><hr class=\"separaproducto\"><p style=\"text-align: justify;\"><span style=\"color: #000000;\"><em><strong>ingredients:<\/strong> Aqua, Olea Europea Fruit Oil *, Prumus Amygdalus Dulcis Oil *, Simmondsia Sinensis Seed Oil *, Potassium Olivoyl Hydrolyzed Oat Protein, Cetearyl alcohol, Glycerin Oleate, Glycerin Stearate, Rosa Damascena Floral Water *, Sodium Benzote, Potassium Sorbate, Litsea Cubeba Oil *, Parfum, Limonene.<\/em><\/span><\/p><p style=\"text-align: center;\"><span style=\"color: #000000;\"><em><strong>* PROCEDENTS DE L&#039;AGRICULTURA ECOL\u00d2GICA<\/strong><\/em><\/span><\/p><h3 style=\"text-align: center;\">HIDRATA I NODREIX LA PELL. UTILITZAT TAMB\u00c9 COM Aftersun I aftershave<\/h3><ul>\n<li><span style=\"color: #000000;\"><strong>ametlla:<\/strong> se li atribueixen propietats suavitzants, nutritives i calmants. Bona penetraci\u00f3 cut\u00e0nia. Ideal per a tot tipus de pells i cabells.<\/span><\/li>\n<li><span style=\"color: #000000;\"><strong>Menta Piperita:<\/strong> gr\u00e0cies a m\u00e9s de 30 principis actius antis\u00e8ptics, t\u00e9 propietats antibacterianes i per aix\u00f2 s&#039;utilitza per tractar ferides, picades d&#039;insecte i \u00e8czemes. Promou la microcirculaci\u00f3 capil\u00b7lar alleujant el dolor en varius.<\/span><\/li>\n<li><span style=\"color: #000000;\"><strong>oliva:<\/strong> hidrata la nostra pell de forma natural, excel\u00b7lent per a pells sensibles, molt suau i rica en oligoelements. Propietats antiinflamat\u00f2ries.<\/span><\/li>\n<\/ul><p><img loading=\"lazy\" decoding=\"async\" class=\"aligncenter wp-image-55 size-full\" src=\"https:\/\/organicroots.es\/wp-content\/uploads\/2021\/01\/Almendra-menta-oliva.png\" alt=\"\" width=\"667\" height=\"127\" srcset=\"https:\/\/organicroots.es\/wp-content\/uploads\/2021\/01\/Almendra-menta-oliva.png 667w, https:\/\/organicroots.es\/wp-content\/uploads\/2021\/01\/Almendra-menta-oliva-300x57.png 300w, https:\/\/organicroots.es\/wp-content\/uploads\/2021\/01\/Almendra-menta-oliva-600x114.png 600w\" sizes=\"auto, (max-width: 667px) 100vw, 667px\"><\/p><p style=\"text-align: center;\"><img loading=\"lazy\" decoding=\"async\" class=\"alignnone size-full wp-image-167\" src=\"https:\/\/organicroots.es\/wp-content\/uploads\/2021\/01\/logos-ficha0.png\" alt=\"\" width=\"226\" height=\"50\"><\/p><\/p>","protected":false},"featured_media":489,"comment_status":"open","ping_status":"closed","template":"","meta":{"_genesis_hide_title":false,"_genesis_hide_breadcrumbs":false,"_genesis_hide_singular_image":false,"_genesis_hide_footer_widgets":false,"_genesis_custom_body_class":"","_genesis_custom_post_class":"","_genesis_layout":"","_joinchat":[]},"product_cat":[23,319],"product_tag":[],"class_list":{"0":"post-781","1":"product","2":"type-product","3":"status-publish","4":"has-post-thumbnail","6":"product_cat-cremas-ecologicas","7":"product_cat-rosa","8":"entry","10":"first","11":"outofstock","12":"taxable","13":"shipping-taxable","14":"purchasable","15":"product-type-simple"},"_links":{"self":[{"href":"https:\/\/organicroots.es\/ca\/wp-json\/wp\/v2\/product\/781","targetHints":{"allow":["GET"]}}],"collection":[{"href":"https:\/\/organicroots.es\/ca\/wp-json\/wp\/v2\/product"}],"about":[{"href":"https:\/\/organicroots.es\/ca\/wp-json\/wp\/v2\/types\/product"}],"replies":[{"embeddable":true,"href":"https:\/\/organicroots.es\/ca\/wp-json\/wp\/v2\/comments?post=781"}],"wp:featuredmedia":[{"embeddable":true,"href":"https:\/\/organicroots.es\/ca\/wp-json\/wp\/v2\/media\/489"}],"wp:attachment":[{"href":"https:\/\/organicroots.es\/ca\/wp-json\/wp\/v2\/media?parent=781"}],"wp:term":[{"taxonomy":"product_cat","embeddable":true,"href":"https:\/\/organicroots.es\/ca\/wp-json\/wp\/v2\/product_cat?post=781"},{"taxonomy":"product_tag","embeddable":true,"href":"https:\/\/organicroots.es\/ca\/wp-json\/wp\/v2\/product_tag?post=781"}],"curies":[{"name":"wp","href":"https:\/\/api.w.org\/{rel}","templated":true}]}}