{"id":742,"date":"2021-01-25T12:32:18","date_gmt":"2021-01-25T12:32:18","guid":{"rendered":"https:\/\/roots.graciasseo.com\/producto\/import-placeholder-for-994\/"},"modified":"2022-11-18T12:31:31","modified_gmt":"2022-11-18T12:31:31","slug":"aceite-esencial-de-menta-piperita","status":"publish","type":"product","link":"https:\/\/organicroots.es\/ca\/producte\/aceite-esencial-de-menta-piperita\/","title":{"rendered":"Aceite esencial de Menta Piperita"},"content":{"rendered":"<p>&nbsp;<\/p>\n<p>Se trata de un vigorizante del sistema nervioso y de la piel, es refrescante y ayuda a la concentraci\u00f3n. Por otro lado, causa un efecto de descongesti\u00f3n de pensamientos, permiti\u00e9ndonos pensar con mayor claridad y agilizar la mente. Es un desinflamante de piernas cansadas y nos ayuda a tratar trastornos circulatorios perif\u00e9ricos. Excelente b\u00e1lsamo para tratar enfermedades respiratorias ya que despeja los bronquios instant\u00e1neamente. Es un gran antis\u00e9ptico y nos permite tratar infecciones de piel e internas. Se utiliza tambi\u00e9n para remediar mareos y v\u00f3mitos.<\/p>","protected":false},"excerpt":{"rendered":"<p>DESINFLAMA A NIVEL MUSCULAR Y ARTICULAR, FOMENTA LA CIRCULACI\u00d3N Y AYUDA A CICATRIZAR.<\/p>","protected":false},"featured_media":459,"comment_status":"open","ping_status":"closed","template":"","meta":{"_genesis_hide_title":false,"_genesis_hide_breadcrumbs":false,"_genesis_hide_singular_image":false,"_genesis_hide_footer_widgets":false,"_genesis_custom_body_class":"","_genesis_custom_post_class":"","_genesis_layout":"","_joinchat":[]},"product_cat":[30],"product_tag":[],"class_list":{"0":"post-742","1":"product","2":"type-product","3":"status-publish","4":"has-post-thumbnail","6":"product_cat-materias-primas","7":"entry","9":"first","10":"instock","11":"taxable","12":"shipping-taxable","13":"purchasable","14":"product-type-simple"},"_links":{"self":[{"href":"https:\/\/organicroots.es\/ca\/wp-json\/wp\/v2\/product\/742","targetHints":{"allow":["GET"]}}],"collection":[{"href":"https:\/\/organicroots.es\/ca\/wp-json\/wp\/v2\/product"}],"about":[{"href":"https:\/\/organicroots.es\/ca\/wp-json\/wp\/v2\/types\/product"}],"replies":[{"embeddable":true,"href":"https:\/\/organicroots.es\/ca\/wp-json\/wp\/v2\/comments?post=742"}],"wp:featuredmedia":[{"embeddable":true,"href":"https:\/\/organicroots.es\/ca\/wp-json\/wp\/v2\/media\/459"}],"wp:attachment":[{"href":"https:\/\/organicroots.es\/ca\/wp-json\/wp\/v2\/media?parent=742"}],"wp:term":[{"taxonomy":"product_cat","embeddable":true,"href":"https:\/\/organicroots.es\/ca\/wp-json\/wp\/v2\/product_cat?post=742"},{"taxonomy":"product_tag","embeddable":true,"href":"https:\/\/organicroots.es\/ca\/wp-json\/wp\/v2\/product_tag?post=742"}],"curies":[{"name":"wp","href":"https:\/\/api.w.org\/{rel}","templated":true}]}}