{"id":735,"date":"2021-01-25T12:32:17","date_gmt":"2021-01-25T12:32:17","guid":{"rendered":"https:\/\/roots.graciasseo.com\/producto\/import-placeholder-for-985\/"},"modified":"2024-04-17T20:30:28","modified_gmt":"2024-04-17T20:30:28","slug":"aceite-rosa-mosqueta-puro-50ml","status":"publish","type":"product","link":"https:\/\/organicroots.es\/ca\/producte\/oli-rosa-mosqueta-pur-50ml\/","title":{"rendered":"<p>Oli Rosa Mosqueta Pur 50ml<\/p>"},"content":{"rendered":"","protected":false},"excerpt":{"rendered":"<p>\u00c9s un poder\u00f3s activador de la s\u00edntesi de col\u00b7lagen i elastina pel que \u00e9s molt utilitzat per reafirmar i donar elasticitat a les pells en proc\u00e9s d&#039;envelliment.<p>Gran regenerador cutani i el m\u00e9s efectiu cicatritzant que existeix, redueix significativament les marques i cicatrius velles, infal\u00b7lible en el tractament d&#039;estries rebels.<\/p><p>Estimula la generaci\u00f3 de melanina a la pell, per la qual cosa ajuda a tractar la pell abans d&#039;exposar-se als raigs UV i despr\u00e9s d&#039;aquesta exposici\u00f3.<\/p><p>\u00c9s un excel\u00b7lent reestructurant de la pigmentaci\u00f3 cut\u00e0nia.<\/p><p>\u00c9s un potent antitumoral. Gran restaurador capil\u00b7lar.<\/p><p><img loading=\"lazy\" decoding=\"async\" class=\"aligncenter wp-image-47 size-medium\" src=\"https:\/\/organicroots.es\/wp-content\/uploads\/2021\/01\/aceite-rosa-mosqueta-elherbolario-1-300x300.png\" alt=\"\" width=\"300\" height=\"300\" srcset=\"https:\/\/organicroots.es\/wp-content\/uploads\/2021\/01\/aceite-rosa-mosqueta-elherbolario-1-300x300.png 300w, https:\/\/organicroots.es\/wp-content\/uploads\/2021\/01\/aceite-rosa-mosqueta-elherbolario-1-150x150.png 150w, https:\/\/organicroots.es\/wp-content\/uploads\/2021\/01\/aceite-rosa-mosqueta-elherbolario-1.png 317w\" sizes=\"auto, (max-width: 300px) 100vw, 300px\"><\/p><p style=\"text-align: center;\"><img loading=\"lazy\" decoding=\"async\" class=\"alignnone wp-image-167 size-full\" src=\"https:\/\/organicroots.es\/wp-content\/uploads\/2021\/01\/logos-ficha0.png\" alt=\"\" width=\"226\" height=\"50\"><\/p><\/p>","protected":false},"featured_media":499,"comment_status":"open","ping_status":"closed","template":"","meta":{"_genesis_hide_title":false,"_genesis_hide_breadcrumbs":false,"_genesis_hide_singular_image":false,"_genesis_hide_footer_widgets":false,"_genesis_custom_body_class":"","_genesis_custom_post_class":"","_genesis_layout":"","_joinchat":[]},"product_cat":[40,317],"product_tag":[65],"class_list":{"0":"post-735","1":"product","2":"type-product","3":"status-publish","4":"has-post-thumbnail","6":"product_cat-aceites","7":"product_cat-negro","8":"product_tag-rosa-mosqueta","9":"entry","11":"first","12":"instock","13":"taxable","14":"shipping-taxable","15":"purchasable","16":"product-type-simple"},"_links":{"self":[{"href":"https:\/\/organicroots.es\/ca\/wp-json\/wp\/v2\/product\/735","targetHints":{"allow":["GET"]}}],"collection":[{"href":"https:\/\/organicroots.es\/ca\/wp-json\/wp\/v2\/product"}],"about":[{"href":"https:\/\/organicroots.es\/ca\/wp-json\/wp\/v2\/types\/product"}],"replies":[{"embeddable":true,"href":"https:\/\/organicroots.es\/ca\/wp-json\/wp\/v2\/comments?post=735"}],"wp:featuredmedia":[{"embeddable":true,"href":"https:\/\/organicroots.es\/ca\/wp-json\/wp\/v2\/media\/499"}],"wp:attachment":[{"href":"https:\/\/organicroots.es\/ca\/wp-json\/wp\/v2\/media?parent=735"}],"wp:term":[{"taxonomy":"product_cat","embeddable":true,"href":"https:\/\/organicroots.es\/ca\/wp-json\/wp\/v2\/product_cat?post=735"},{"taxonomy":"product_tag","embeddable":true,"href":"https:\/\/organicroots.es\/ca\/wp-json\/wp\/v2\/product_tag?post=735"}],"curies":[{"name":"wp","href":"https:\/\/api.w.org\/{rel}","templated":true}]}}