{"id":716,"date":"2021-01-25T12:32:14","date_gmt":"2021-01-25T12:32:14","guid":{"rendered":"https:\/\/roots.graciasseo.com\/producto\/import-placeholder-for-321\/"},"modified":"2026-04-23T15:13:25","modified_gmt":"2026-04-23T15:13:25","slug":"contorno-de-ojos-50ml","status":"publish","type":"product","link":"https:\/\/organicroots.es\/ca\/producte\/contorn-de-ulls-50ml\/","title":{"rendered":"<p>Contorn d&#039;ulls 50ml<\/p>"},"content":{"rendered":"<p><span style=\"font-family: inherit; font-size: medium;\">La Crema de Contorn d&#039;Ulls est\u00e0 especialment elaborat per nodrir i descongestionar la zona del contorn dels ulls. \u00c9s una de les zones m\u00e9s sensibles i delicades de la cara i per aix\u00f2 cal dedicar-li un tracte especial.<\/span><br>\n<span style=\"font-family: inherit; font-size: medium;\"> Aquest producte est\u00e0 compost per una sinergia d&#039;olis essencials, vegetals, i extractes que ajuden a mantenir la zona hidratada per lluir una mirada radiant i descansada.<\/span><p><span style=\"font-family: inherit; font-size: medium;\">Est\u00e0 formulada amb una base d&#039;Aigua de Roses que li confereix propietats com tonificant, astringent, humectant i suavitzant de la pell. Perfecte per a pells delicades i at\u00f2piques. Li brinda una olor i una suavitat especial a el producte final que podem notar en la textura.<\/span><br>\n<span style=\"font-family: inherit; font-size: medium;\"> Tamb\u00e9 li afegim extracte de cogombre, que ens ajuda a descongestionar i nodrir, i Oli de Jojoba, que t\u00e9 una composici\u00f3 molt alta en \u00e8sters i molt baixa en poliinsaturats. Es podria dir que \u00e9s com una cera l\u00edquida. Posseeix propietats com reestructurant cel\u00b7lular afavorint l&#039;elasticitat de la pell i aportant una gran quantitat de Vitamina E, que treballa per estimular la reparaci\u00f3 de la pell i<\/span><br>\n<span style=\"font-family: inherit; font-size: medium;\"> enfortir-la.<\/span><br>\n<span style=\"font-family: inherit; font-size: medium;\"> Cont\u00e9 un suau toc d&#039;Oli essencial Ecol\u00f2gic que aporta una aroma suau i delicat al costat de l&#039;Aigua de Roses.&nbsp;<\/span><\/p><p><span style=\"font-family: inherit; font-size: medium;\">Est\u00e0 envasat en vidre per causar el menor impacte a l&#039;planeta.<\/span><br>\n<span style=\"font-family: inherit; font-size: medium;\"> Els ingredients s\u00f3n naturals i Ecol\u00f2gics i tot el proc\u00e9s \u00e9s Vegano, Artesanal i Sostenible.<\/span><\/p><p><span style=\"font-family: inherit; font-size: medium;\"> sense Parabens<\/span><br>\n<span style=\"font-family: inherit; font-size: medium;\"> Sense derivats de l&#039;petroli<\/span><br>\n<span style=\"font-family: inherit; font-size: medium;\"> sense Silicones<\/span><br>\n<span style=\"font-family: inherit; font-size: medium;\"> sense Sulfats<\/span><br>\n<span style=\"font-family: inherit; font-size: medium;\"> sense Nanopart\u00edcules<\/span><br>\n<span style=\"font-family: inherit; font-size: medium;\"> sense Perfums<\/span><br>\n<span style=\"font-family: inherit; font-size: medium;\"> Sense Conservants Sint\u00e8tics<\/span><\/p><\/p>","protected":false},"excerpt":{"rendered":"<p style=\"text-align: center;\"><span style=\"color: #000000;\">ARTICLES PER A LA SALUT, CURA I BELLESA PERSONAL.<br>\n<\/span><span style=\"color: #000000;\">PRODUCTES ECOL\u00d2GICS, ELABORACI\u00d3 ARTESANAL I CONSCIENT<\/span><hr class=\"separaproducto\"><p style=\"text-align: justify;\"><span style=\"color: #000000;\"><em><strong>ingredients:<\/strong> aqua, rosa damascena floral water *, prunus amygdalus dulcis oil *, cetearyl alcohol, sodium cetearyl sulfate, simmomdsia chinensis seed oil *, cucumis sativus extract *, potassium sorbate, sodium benzoate, Litsea citrata *, mentha piperita herb oil *, citrus bergamia peeloil *.<\/em><\/span><\/p><p style=\"text-align: center;\"><span style=\"color: #000000;\"><em><strong>* PROCEDENTS DE L&#039;AGRICULTURA ECOL\u00d2GICA<\/strong><\/em><\/span><\/p><h3 style=\"text-align: center;\">Descongestiona LA ZONA DELS ULLS FOMENTANT LA CIRCULACI\u00d3 I REDUINT bosses i ulleres<\/h3><ul>\n<li><span style=\"color: #000000;\"><strong>jojoba<\/strong>: Estudis metges li confereixen una gran quantitat de vitamina E, qualitats antif\u00fangiques i antibacterianes. Important hidratant corporal, molt utilitzada per tractar arrugues i l\u00ednies d&#039;expressi\u00f3.<\/span><\/li>\n<li><span style=\"color: #000000;\"><strong>Extracte de cogombre<\/strong>: Estudis metges li confereixen propietats descongestives, hidratants, estimulants, revitalitzants i nutritives. Ajuda a protegir la pell i retarda el seu envelliment.<\/span><\/li>\n<li><span style=\"color: #000000;\"><strong>Aigua de Roses<\/strong>: Estudis metges li confereixen propietats arom\u00e0tiques, refrescants, astringents, tensores, antienvelliment i calmants. Ideal per a tot tipus de pells.<\/span><\/li>\n<\/ul><p><img loading=\"lazy\" decoding=\"async\" class=\"aligncenter wp-image-149 size-full\" src=\"https:\/\/organicroots.es\/wp-content\/uploads\/2021\/01\/jojoba-pepino-agua-rosas.png\" alt=\"\" width=\"667\" height=\"127\" srcset=\"https:\/\/organicroots.es\/wp-content\/uploads\/2021\/01\/jojoba-pepino-agua-rosas.png 667w, https:\/\/organicroots.es\/wp-content\/uploads\/2021\/01\/jojoba-pepino-agua-rosas-300x57.png 300w, https:\/\/organicroots.es\/wp-content\/uploads\/2021\/01\/jojoba-pepino-agua-rosas-600x114.png 600w\" sizes=\"auto, (max-width: 667px) 100vw, 667px\"><\/p><p style=\"text-align: center;\"><img loading=\"lazy\" decoding=\"async\" class=\"alignnone size-full wp-image-167\" src=\"https:\/\/organicroots.es\/wp-content\/uploads\/2021\/01\/logos-ficha0.png\" alt=\"\" width=\"226\" height=\"50\"><\/p><\/p>","protected":false},"featured_media":79,"comment_status":"open","ping_status":"closed","template":"","meta":{"_genesis_hide_title":false,"_genesis_hide_breadcrumbs":false,"_genesis_hide_singular_image":false,"_genesis_hide_footer_widgets":false,"_genesis_custom_body_class":"","_genesis_custom_post_class":"","_genesis_layout":"","_joinchat":[]},"product_cat":[23,344],"product_tag":[24,25,18,26,19,20,27,28,29,21,22],"class_list":{"0":"post-716","1":"product","2":"type-product","3":"status-publish","4":"has-post-thumbnail","6":"product_cat-cremas-ecologicas","7":"product_cat-verde-azul","8":"product_tag-bolsas","9":"product_tag-contorno-de-ojos","10":"product_tag-cucumber-extract","11":"product_tag-ecocosmetica","12":"product_tag-eye-contour","13":"product_tag-eyebags","14":"product_tag-hidrolato-de-rosa-damascena","15":"product_tag-ojeras","16":"product_tag-organic","17":"product_tag-organic-eye-contour","18":"product_tag-rose-water","19":"entry","21":"first","22":"instock","23":"taxable","24":"shipping-taxable","25":"purchasable","26":"product-type-simple"},"_links":{"self":[{"href":"https:\/\/organicroots.es\/ca\/wp-json\/wp\/v2\/product\/716","targetHints":{"allow":["GET"]}}],"collection":[{"href":"https:\/\/organicroots.es\/ca\/wp-json\/wp\/v2\/product"}],"about":[{"href":"https:\/\/organicroots.es\/ca\/wp-json\/wp\/v2\/types\/product"}],"replies":[{"embeddable":true,"href":"https:\/\/organicroots.es\/ca\/wp-json\/wp\/v2\/comments?post=716"}],"wp:featuredmedia":[{"embeddable":true,"href":"https:\/\/organicroots.es\/ca\/wp-json\/wp\/v2\/media\/79"}],"wp:attachment":[{"href":"https:\/\/organicroots.es\/ca\/wp-json\/wp\/v2\/media?parent=716"}],"wp:term":[{"taxonomy":"product_cat","embeddable":true,"href":"https:\/\/organicroots.es\/ca\/wp-json\/wp\/v2\/product_cat?post=716"},{"taxonomy":"product_tag","embeddable":true,"href":"https:\/\/organicroots.es\/ca\/wp-json\/wp\/v2\/product_tag?post=716"}],"curies":[{"name":"wp","href":"https:\/\/api.w.org\/{rel}","templated":true}]}}