{"id":715,"date":"2021-01-25T12:32:14","date_gmt":"2021-01-25T12:32:14","guid":{"rendered":"https:\/\/roots.graciasseo.com\/producto\/import-placeholder-for-314\/"},"modified":"2022-01-28T20:35:19","modified_gmt":"2022-01-28T20:35:19","slug":"antimosquitos","status":"publish","type":"product","link":"https:\/\/organicroots.es\/ca\/producte\/antimosquits\/","title":{"rendered":"<p>antimosquits<\/p>"},"content":{"rendered":"<p>Anti-insectes: Aquest producte ens ajuda a repel\u00b7lir tots els insectes i par\u00e0sits, inclosos mosquits, polls, aranyes, puces i paparres entre d&#039;altres.<br>\nAmb la maceraci\u00f3 en vinagre de poma de la fusta de Quassia estim\u00e9s, vam aconseguir fer fora la majoria d&#039;insectes del nostre entorn.<br>\nAquest producte tamb\u00e9 porta olis essencials d&#039;Eucaliptus Blau, alf\u00e0brega, citronela, esp\u00edgol i gerani egipci per potenciar el seu poder antimosquits.<br>\nNo et quedis sense ell!<\/p>","protected":false},"excerpt":{"rendered":"<p style=\"text-align: center;\"><span style=\"color: #000000;\">ARTICLES PER A LA SALUT, CURA I BELLESA PERSONAL.<\/span><p style=\"text-align: center;\"><span style=\"color: #000000;\">PRODUCTES ECOL\u00d2GICS, ELABORACI\u00d3 ARTESANAL I CONSCIENT<\/span><\/p><hr class=\"separaproducto\"><p style=\"text-align: justify;\"><span style=\"color: #000000;\"><em><strong>ingredients:<\/strong> aqua, rosa damascena floral v\u00e0ter, prunus amygdalus dulcis oil *, cetearyl alcohol, sodium cetearyl sulfate, simmomdsia chinensis seed oil *, cucumis sativus extract, potassium sorbate, sodium benzoate, Litsea citrata *, mentha piperita herb oil *, citrus bergamia peeloil * .<\/em><\/span><\/p><p style=\"text-align: center;\"><span style=\"color: #000000;\"><em><strong>* PROCEDENTS DE L&#039;AGRICULTURA ECOL\u00d2GICA<\/strong><\/em><\/span><\/p><h3 style=\"text-align: center;\">REPEL.LEIX ELS MOSQUITS I ALTRES INSECTES<\/h3><ul>\n<li><span style=\"color: #000000;\"><strong>Cuassia amarga<\/strong>: Fusta molt apreciada pels agricultors, \u00e9s l&#039;insecticida m\u00e9s potent que hi ha gr\u00e0cies a la cuassina, el principi m\u00e9s amarg que tenim. Per a tot tipus de par\u00e0sits a la pell i el cabell. \u00c9s un potent preventiu.<br>\n<\/span><\/li>\n<li><span style=\"color: #000000;\"><strong>Vinagre de poma<\/strong>: Debilita els insectes i par\u00e0sits. A l&#039;\u00e9sser un producte natural ens permet usar-lo tant en humans com animals.<\/span><\/li>\n<li><span style=\"color: #000000;\"><strong>gerani egipci<\/strong>: Estudis m\u00e8dics confirmen les seves potents propietats antimosquits, ja sigui com a repel\u00b7lent o per a les picades<\/span>.<\/li>\n<\/ul><p><img loading=\"lazy\" decoding=\"async\" class=\"aligncenter wp-image-82 size-full\" src=\"https:\/\/organicroots.es\/wp-content\/uploads\/2021\/01\/Cuasia-vinagre-geranio.png\" alt=\"\" width=\"667\" height=\"127\" srcset=\"https:\/\/organicroots.es\/wp-content\/uploads\/2021\/01\/Cuasia-vinagre-geranio.png 667w, https:\/\/organicroots.es\/wp-content\/uploads\/2021\/01\/Cuasia-vinagre-geranio-300x57.png 300w, https:\/\/organicroots.es\/wp-content\/uploads\/2021\/01\/Cuasia-vinagre-geranio-600x114.png 600w\" sizes=\"auto, (max-width: 667px) 100vw, 667px\"><\/p><p style=\"text-align: center;\"><img loading=\"lazy\" decoding=\"async\" class=\"alignnone size-full wp-image-167\" src=\"https:\/\/organicroots.es\/wp-content\/uploads\/2021\/01\/logos-ficha0.png\" alt=\"\" width=\"226\" height=\"50\"><\/p><\/p>","protected":false},"featured_media":469,"comment_status":"open","ping_status":"closed","template":"","meta":{"_genesis_hide_title":false,"_genesis_hide_breadcrumbs":false,"_genesis_hide_singular_image":false,"_genesis_hide_footer_widgets":false,"_genesis_custom_body_class":"","_genesis_custom_post_class":"","_genesis_layout":"","_joinchat":[]},"product_cat":[43,329],"product_tag":[],"class_list":{"0":"post-715","1":"product","2":"type-product","3":"status-publish","4":"has-post-thumbnail","6":"product_cat-antimosquitos","7":"product_cat-azul-verdoso","8":"entry","10":"first","11":"instock","12":"taxable","13":"shipping-taxable","14":"purchasable","15":"product-type-simple"},"_links":{"self":[{"href":"https:\/\/organicroots.es\/ca\/wp-json\/wp\/v2\/product\/715","targetHints":{"allow":["GET"]}}],"collection":[{"href":"https:\/\/organicroots.es\/ca\/wp-json\/wp\/v2\/product"}],"about":[{"href":"https:\/\/organicroots.es\/ca\/wp-json\/wp\/v2\/types\/product"}],"replies":[{"embeddable":true,"href":"https:\/\/organicroots.es\/ca\/wp-json\/wp\/v2\/comments?post=715"}],"wp:featuredmedia":[{"embeddable":true,"href":"https:\/\/organicroots.es\/ca\/wp-json\/wp\/v2\/media\/469"}],"wp:attachment":[{"href":"https:\/\/organicroots.es\/ca\/wp-json\/wp\/v2\/media?parent=715"}],"wp:term":[{"taxonomy":"product_cat","embeddable":true,"href":"https:\/\/organicroots.es\/ca\/wp-json\/wp\/v2\/product_cat?post=715"},{"taxonomy":"product_tag","embeddable":true,"href":"https:\/\/organicroots.es\/ca\/wp-json\/wp\/v2\/product_tag?post=715"}],"curies":[{"name":"wp","href":"https:\/\/api.w.org\/{rel}","templated":true}]}}