{"id":4670,"date":"2024-12-19T20:56:01","date_gmt":"2024-12-19T20:56:01","guid":{"rendered":"https:\/\/organicroots.es\/?post_type=product&#038;p=4670"},"modified":"2024-12-19T21:30:49","modified_gmt":"2024-12-19T21:30:49","slug":"pack-serum-facial-crema-regeneradora","status":"publish","type":"product","link":"https:\/\/organicroots.es\/ca\/producte\/pack-serum-facial-crema-regeneradora\/","title":{"rendered":"<p>Pack Serum facial + Crema regeneradora<\/p>"},"content":{"rendered":"<h2 style=\"text-align: center;\"><span style=\"color: #000000;\">Serum Facial Golden Swan<\/span><p style=\"text-align: center;\"><span style=\"color: #000000;\">PRODUCTES ECOL\u00d2GICS, ELABORACI\u00d3 ARTESANAL I CONSCIENT<\/span><\/p><hr class=\"separaproducto\"><p style=\"text-align: justify;\"><span style=\"color: #000000;\"><em><strong>ingredients:<\/strong> Aqua, Calendula Officinalis Flower Extract*, Achilea Millefolium Flower Extract*, Ginkgo biloba leaf Extract*, Malve SylveStrir Extract*, Chamomille Extraa*, Ribes nigrum Extrart*, Hamamelis Extract*, Virginiana FloWer Extract*, Olea Europaea Fruit Oil*, Commiphora Myrra Extract*, Olibanum Extract* , alcohol, Centella Asi&agrave;tica Extract, Aquilaria Agallocha Extract*, Citros Aurantium Amara Flower Oil*, Cetearyl alcohol, Sodium cetearyl sulfate, Sesamum Indicum Seed Oil*, Cedrm atlantica Oil*, Myroxylon balsamum*, Pogostemon Cablin Leaf Oil*, Laurel Nobilis Oil*. <\/em><\/span><\/p><p style=\"text-align: center;\"><span style=\"color: #000000;\"><em><strong>* PROCEDENTS DE L&#039;AGRICULTURA ECOL\u00d2GICA<\/strong><\/em><\/span><\/p><h3>Aquest producte est\u00e0 especialment elaborat per estimular la creaci\u00f3 d&#039;l&#039;\u00e0cid hialur\u00f2nic propi que el nostre organisme fabrica cada vegada menys amb el pas dels anys.<\/h3><p>Els olis de Cua de Cavall i Centella Asi\u00e0tica d&#039;aquesta crema estimulen la creaci\u00f3 d&#039;\u00e0cid hialur\u00f2nic, que treballa per regenerar i donar elasticitat a la pell.<\/p><ul>\n<li><span style=\"color: #000000;\"><strong>Centella Asi\u00e0tica<\/strong>: Antioxidant i cicatritzant. Estimulant de la bios\u00edntesi de col\u00b7lagen. Combat la cel\u00b7lulitis, varius i hemorroides. Promou la circulaci\u00f3 sangu\u00ednia en el cuir cabellut.<\/span><\/li>\n<li><span style=\"color: #000000;\"><strong>Cua de Cavall<\/strong>: Els seus oligoelements generen col\u00b7lagen que aporta flexibilitat i fermesa a la pell. Proporciona vitalitat i for\u00e7a a l&#039;cabell.<\/span><\/li>\n<li><span style=\"color: #000000;\"><strong>Gingko Biloba<\/strong>: Antioxidant, activador de la microcirculaci\u00f3 i el flux limf\u00e0tic. Combat els radicals lliures. La seva acci\u00f3 vasoreguladora ajuda a controlar les varius i reafirma la pell. Usat per tractar taques a la pell.<\/span><\/li>\n<\/ul><p><img loading=\"lazy\" decoding=\"async\" class=\"aligncenter wp-image-153 size-full\" src=\"https:\/\/organicroots.es\/wp-content\/uploads\/2021\/01\/Laurel-eucaliptos-verbena.png\" alt=\"\" width=\"667\" height=\"127\" title=\"\" srcset=\"https:\/\/organicroots.es\/wp-content\/uploads\/2021\/01\/Laurel-eucaliptos-verbena.png 667w, https:\/\/organicroots.es\/wp-content\/uploads\/2021\/01\/Laurel-eucaliptos-verbena-300x57.png 300w, https:\/\/organicroots.es\/wp-content\/uploads\/2021\/01\/Laurel-eucaliptos-verbena-600x114.png 600w\" sizes=\"auto, (max-width: 667px) 100vw, 667px\"><\/p><p style=\"text-align: center;\"><img loading=\"lazy\" decoding=\"async\" class=\"alignnone size-full wp-image-167\" src=\"https:\/\/organicroots.es\/wp-content\/uploads\/2021\/01\/logos-ficha0.png\" alt=\"\" width=\"226\" height=\"50\" title=\"\"><\/p><p>&mdash;&mdash;<\/p><h2 style=\"text-align: center;\"><span style=\"color: #000000;\">Crema regeneradora Golden Swan<\/span><\/h2><p style=\"text-align: center;\"><span style=\"color: #000000;\">PRODUCTES ECOL\u00d2GICS, ELABORACI\u00d3 ARTESANAL I CONSCIENT<\/span><\/p><hr class=\"separaproducto\"><p style=\"text-align: justify;\"><span style=\"color: #000000;\"><em><strong>ingredients:<\/strong> Aqua, Calendula Officinalis Flower Extract*, Achilea Millefolium Flower Extract*, Ginkgo biloba leaf Extract*, Malve SylveStrir Extract*, Chamomille Extraa*, Ribes nigrum Extrart*, Hamamelis Extract*, Virginiana FloWer Extract*, Olea Europaea Fruit Oil*, Commiphora Myrra Extract*, Olibanum Extract* , alcohol, Centella Asi&agrave;tica Extract, Aquilaria Agallocha Extract*, Citros Aurantium Amara Flower Oil*, Cetearyl alcohol, Sodium cetearyl sulfate, Sesamum Indicum Seed Oil*, Cedrm atlantica Oil*, Myroxylon balsamum*, Pogostemon Cablin Leaf Oil*, Laurel Nobilis Oil*. <\/em><\/span><\/p><p style=\"text-align: center;\"><span style=\"color: #000000;\"><em><strong>* PROCEDENTS DE L&#039;AGRICULTURA ECOL\u00d2GICA<\/strong><\/em><\/span><\/p><h3>Aquest producte est\u00e0 especialment elaborat per estimular la creaci\u00f3 d&#039;l&#039;\u00e0cid hialur\u00f2nic propi que el nostre organisme fabrica cada vegada menys amb el pas dels anys.<\/h3><p>Els olis de Cua de Cavall i Centella Asi\u00e0tica d&#039;aquesta crema estimulen la creaci\u00f3 d&#039;\u00e0cid hialur\u00f2nic, que treballa per regenerar i donar elasticitat a la pell.<\/p><ul>\n<li><span style=\"color: #000000;\"><strong>Centella Asi\u00e0tica<\/strong>: Antioxidant i cicatritzant. Estimulant de la bios\u00edntesi de col\u00b7lagen. Combat la cel\u00b7lulitis, varius i hemorroides. Promou la circulaci\u00f3 sangu\u00ednia en el cuir cabellut.<\/span><\/li>\n<li><span style=\"color: #000000;\"><strong>Cua de Cavall<\/strong>: Els seus oligoelements generen col\u00b7lagen que aporta flexibilitat i fermesa a la pell. Proporciona vitalitat i for\u00e7a a l&#039;cabell.<\/span><\/li>\n<li><span style=\"color: #000000;\"><strong>Gingko Biloba<\/strong>: Antioxidant, activador de la microcirculaci\u00f3 i el flux limf\u00e0tic. Combat els radicals lliures. La seva acci\u00f3 vasoreguladora ajuda a controlar les varius i reafirma la pell. Usat per tractar taques a la pell.<\/span><\/li>\n<\/ul><p><img loading=\"lazy\" decoding=\"async\" class=\"aligncenter wp-image-153 size-full\" src=\"https:\/\/organicroots.es\/wp-content\/uploads\/2021\/01\/Laurel-eucaliptos-verbena.png\" alt=\"\" width=\"667\" height=\"127\" title=\"\" srcset=\"https:\/\/organicroots.es\/wp-content\/uploads\/2021\/01\/Laurel-eucaliptos-verbena.png 667w, https:\/\/organicroots.es\/wp-content\/uploads\/2021\/01\/Laurel-eucaliptos-verbena-300x57.png 300w, https:\/\/organicroots.es\/wp-content\/uploads\/2021\/01\/Laurel-eucaliptos-verbena-600x114.png 600w\" sizes=\"auto, (max-width: 667px) 100vw, 667px\"><\/p><p style=\"text-align: center;\"><img loading=\"lazy\" decoding=\"async\" class=\"alignnone size-full wp-image-167\" src=\"https:\/\/organicroots.es\/wp-content\/uploads\/2021\/01\/logos-ficha0.png\" alt=\"\" width=\"226\" height=\"50\" title=\"\"><\/p><\/h2>","protected":false},"excerpt":{"rendered":"<p style=\"text-align: center;\"><span style=\"color: #000000;\">Pack Serum facial + Crema regeneradora<\/span><hr class=\"separaproducto\"><p style=\"text-align: center;\"><span style=\"color: #000000;\"><strong>La L&iacute;nea Golden Swan ha sido creada con la idea de ofrecer los mejores productos de Organic Roots en el lugar donde se merecen, Organic Roots Premium.<\/strong><br>\n<\/span><\/p><h3>Aprovecha la nueva oferta y ll&eacute;vate nuestros dos mejores productos por solo 75?<\/h3><\/p>","protected":false},"featured_media":4647,"comment_status":"open","ping_status":"closed","template":"","meta":{"_genesis_hide_title":false,"_genesis_hide_breadcrumbs":false,"_genesis_hide_singular_image":false,"_genesis_hide_footer_widgets":false,"_genesis_custom_body_class":"","_genesis_custom_post_class":"","_genesis_layout":"","_joinchat":[]},"product_cat":[335,311,349],"product_tag":[],"class_list":{"0":"post-4670","1":"product","2":"type-product","3":"status-publish","4":"has-post-thumbnail","6":"product_cat-amarillo","7":"product_cat-colores-etiqueta","8":"product_cat-cosmetica-golden-swan","9":"entry","11":"first","12":"instock","13":"sale","14":"taxable","15":"shipping-taxable","16":"purchasable","17":"product-type-simple"},"_links":{"self":[{"href":"https:\/\/organicroots.es\/ca\/wp-json\/wp\/v2\/product\/4670","targetHints":{"allow":["GET"]}}],"collection":[{"href":"https:\/\/organicroots.es\/ca\/wp-json\/wp\/v2\/product"}],"about":[{"href":"https:\/\/organicroots.es\/ca\/wp-json\/wp\/v2\/types\/product"}],"replies":[{"embeddable":true,"href":"https:\/\/organicroots.es\/ca\/wp-json\/wp\/v2\/comments?post=4670"}],"wp:featuredmedia":[{"embeddable":true,"href":"https:\/\/organicroots.es\/ca\/wp-json\/wp\/v2\/media\/4647"}],"wp:attachment":[{"href":"https:\/\/organicroots.es\/ca\/wp-json\/wp\/v2\/media?parent=4670"}],"wp:term":[{"taxonomy":"product_cat","embeddable":true,"href":"https:\/\/organicroots.es\/ca\/wp-json\/wp\/v2\/product_cat?post=4670"},{"taxonomy":"product_tag","embeddable":true,"href":"https:\/\/organicroots.es\/ca\/wp-json\/wp\/v2\/product_tag?post=4670"}],"curies":[{"name":"wp","href":"https:\/\/api.w.org\/{rel}","templated":true}]}}