{"id":4640,"date":"2024-12-03T18:27:54","date_gmt":"2024-12-03T18:27:54","guid":{"rendered":"https:\/\/organicroots.es\/?post_type=product&#038;p=4640"},"modified":"2024-12-03T21:48:33","modified_gmt":"2024-12-03T21:48:33","slug":"serum-facial","status":"publish","type":"product","link":"https:\/\/organicroots.es\/ca\/producte\/serum-facial\/","title":{"rendered":"Serum facial"},"content":{"rendered":"","protected":false},"excerpt":{"rendered":"<p style=\"text-align: center;\"><span style=\"color: #000000;\">Serum Facial Golden Swan<\/span><\/p>\n<p style=\"text-align: center;\"><span style=\"color: #000000;\">PRODUCTES ECOL\u00d2GICS, ELABORACI\u00d3 ARTESANAL I CONSCIENT<\/span><\/p>\n<hr class=\"separaproducto\" \/>\n<p style=\"text-align: justify;\"><span style=\"color: #000000;\"><em><strong>ingredients:<\/strong> Aqua, Calendula Officinalis Flower Extract*, Achilea Millefolium Flower Extract*, Ginkgo biloba leaf Extract*, Malve SylveStrir Extract*, Chamomille Extraa*, Ribes nigrum Extrart*, Hamamelis Extract*, Virginiana FloWer Extract*, Olea Europaea Fruit Oil*, Commiphora Myrra Extract*, Olibanum Extract* , alcohol, Centella Asi\u00e0tica Extract, Aquilaria Agallocha Extract*, Citros Aurantium Amara Flower Oil*, Cetearyl alcohol, Sodium cetearyl sulfate, Sesamum Indicum Seed Oil*, Cedrm atlantica Oil*, Myroxylon balsamum*, Pogostemon Cablin Leaf Oil*, Laurel Nobilis Oil*. <\/em><\/span><\/p>\n<p style=\"text-align: center;\"><span style=\"color: #000000;\"><em><strong>* PROCEDENTS DE L&#039;AGRICULTURA ECOL\u00d2GICA<\/strong><\/em><\/span><\/p>\n<h3>Aquest producte est\u00e0 especialment elaborat per estimular la creaci\u00f3 d&#039;l&#039;\u00e0cid hialur\u00f2nic propi que el nostre organisme fabrica cada vegada menys amb el pas dels anys.<\/h3>\n<p>Els olis de Cua de Cavall i Centella Asi\u00e0tica d&#039;aquesta crema estimulen la creaci\u00f3 d&#039;\u00e0cid hialur\u00f2nic, que treballa per regenerar i donar elasticitat a la pell.<\/p>\n<ul>\n<li><span style=\"color: #000000;\"><strong>Centella Asi\u00e0tica<\/strong>: Antioxidant i cicatritzant. Estimulant de la bios\u00edntesi de col\u00b7lagen. Combat la cel\u00b7lulitis, varius i hemorroides. Promou la circulaci\u00f3 sangu\u00ednia en el cuir cabellut.<\/span><\/li>\n<li><span style=\"color: #000000;\"><strong>Cua de Cavall<\/strong>: Els seus oligoelements generen col\u00b7lagen que aporta flexibilitat i fermesa a la pell. Proporciona vitalitat i for\u00e7a a l&#039;cabell.<\/span><\/li>\n<li><span style=\"color: #000000;\"><strong>Gingko Biloba<\/strong>: Antioxidant, activador de la microcirculaci\u00f3 i el flux limf\u00e0tic. Combat els radicals lliures. La seva acci\u00f3 vasoreguladora ajuda a controlar les varius i reafirma la pell. Usat per tractar taques a la pell.<\/span><\/li>\n<\/ul>\n<p><img loading=\"lazy\" decoding=\"async\" class=\"aligncenter wp-image-153 size-full\" src=\"https:\/\/organicroots.es\/wp-content\/uploads\/2021\/01\/Laurel-eucaliptos-verbena.png\" alt=\"\" width=\"667\" height=\"127\" srcset=\"https:\/\/organicroots.es\/wp-content\/uploads\/2021\/01\/Laurel-eucaliptos-verbena.png 667w, https:\/\/organicroots.es\/wp-content\/uploads\/2021\/01\/Laurel-eucaliptos-verbena-300x57.png 300w, https:\/\/organicroots.es\/wp-content\/uploads\/2021\/01\/Laurel-eucaliptos-verbena-600x114.png 600w\" sizes=\"auto, (max-width: 667px) 100vw, 667px\" \/><\/p>\n<p style=\"text-align: center;\"><img loading=\"lazy\" decoding=\"async\" class=\"alignnone size-full wp-image-167\" src=\"https:\/\/organicroots.es\/wp-content\/uploads\/2021\/01\/logos-ficha0.png\" alt=\"\" width=\"226\" height=\"50\" \/><\/p>","protected":false},"featured_media":4643,"comment_status":"open","ping_status":"closed","template":"","meta":{"_genesis_hide_title":false,"_genesis_hide_breadcrumbs":false,"_genesis_hide_singular_image":false,"_genesis_hide_footer_widgets":false,"_genesis_custom_body_class":"","_genesis_custom_post_class":"","_genesis_layout":"","_joinchat":[]},"product_cat":[335,349],"product_tag":[],"class_list":{"0":"post-4640","1":"product","2":"type-product","3":"status-publish","4":"has-post-thumbnail","6":"product_cat-amarillo","7":"product_cat-cosmetica-golden-swan","8":"entry","10":"first","11":"instock","12":"taxable","13":"shipping-taxable","14":"purchasable","15":"product-type-simple"},"_links":{"self":[{"href":"https:\/\/organicroots.es\/ca\/wp-json\/wp\/v2\/product\/4640","targetHints":{"allow":["GET"]}}],"collection":[{"href":"https:\/\/organicroots.es\/ca\/wp-json\/wp\/v2\/product"}],"about":[{"href":"https:\/\/organicroots.es\/ca\/wp-json\/wp\/v2\/types\/product"}],"replies":[{"embeddable":true,"href":"https:\/\/organicroots.es\/ca\/wp-json\/wp\/v2\/comments?post=4640"}],"wp:featuredmedia":[{"embeddable":true,"href":"https:\/\/organicroots.es\/ca\/wp-json\/wp\/v2\/media\/4643"}],"wp:attachment":[{"href":"https:\/\/organicroots.es\/ca\/wp-json\/wp\/v2\/media?parent=4640"}],"wp:term":[{"taxonomy":"product_cat","embeddable":true,"href":"https:\/\/organicroots.es\/ca\/wp-json\/wp\/v2\/product_cat?post=4640"},{"taxonomy":"product_tag","embeddable":true,"href":"https:\/\/organicroots.es\/ca\/wp-json\/wp\/v2\/product_tag?post=4640"}],"curies":[{"name":"wp","href":"https:\/\/api.w.org\/{rel}","templated":true}]}}